{"id":9384,"date":"2021-03-01T16:29:55","date_gmt":"2021-03-01T19:29:55","guid":{"rendered":"https:\/\/www.supergoes.com.br\/site\/?page_id=9384"},"modified":"2021-03-01T16:30:20","modified_gmt":"2021-03-01T19:30:20","slug":"regulamento-promocao-mes-da-mulher-super-goes","status":"publish","type":"page","link":"https:\/\/www.supergoes.com.br\/site\/regulamento-promocao-mes-da-mulher-super-goes\/","title":{"rendered":"Regulamento &#8211; Promo\u00e7\u00e3o M\u00caS DA MULHER Super Goes"},"content":{"rendered":"<div id=\"modal-ready\"><p><img loading=\"lazy\" decoding=\"async\" class=\"size-full wp-image-9387 aligncenter\" src=\"https:\/\/www.supergoes.com.br\/site\/wp-content\/uploads\/2021\/03\/slide.jpg\" alt=\"\" width=\"1030\" height=\"394\" srcset=\"https:\/\/www.supergoes.com.br\/site\/wp-content\/uploads\/2021\/03\/slide.jpg 1030w, https:\/\/www.supergoes.com.br\/site\/wp-content\/uploads\/2021\/03\/slide-300x115.jpg 300w, https:\/\/www.supergoes.com.br\/site\/wp-content\/uploads\/2021\/03\/slide-768x294.jpg 768w, https:\/\/www.supergoes.com.br\/site\/wp-content\/uploads\/2021\/03\/slide-705x270.jpg 705w\" sizes=\"auto, (max-width: 1030px) 100vw, 1030px\" \/><\/p>\n<p style=\"text-align: justify;\"><strong>REGULAMENTO DE SORTEIOS SUPER GOES<\/strong><\/p>\n<ol style=\"text-align: justify;\">\n<li>ORGANIZADORA. Este SORTEIO \u00e9 organizado pela rede de Supermercados Goes, inscrita perante o C.N.P.J.M.F. sob o n\u00ba 08.355.527\/0007-36, com sede na Rua Edson Roberto Oliveira, n\u00ba 90, Uberaba, na Cidade de Curitiba, Estado do Paran\u00e1.<\/li>\n<li>PRAZO, \u00c1REA DE EXECU\u00c7\u00c3O E PARTICIPA\u00c7\u00c3O. Essa promo\u00e7\u00e3o ter\u00e1 in\u00edcio em 01 de Mar\u00e7o de 2021 e t\u00e9rmino em 27 de Mar\u00e7o de 2021. Os resultados ser\u00e3o divulgados via M\u00eddias Sociais e comunicado aos vencedores.<\/li>\n<\/ol>\n<p style=\"text-align: justify;\">2.1 Para efeitos de participa\u00e7\u00e3o neste SORTEIO, ser\u00e1 considerado per\u00edodo de inscri\u00e7\u00e3o a partir do dia 01 de Mar\u00e7o de 2021 no dia 27 de Mar\u00e7o de 2021, respeitando-se o limite de hor\u00e1rio do expediente do mercado local.<\/p>\n<p style=\"text-align: justify;\">2.2 \u00c1rea de Execu\u00e7\u00e3o: Considerar-se-\u00e1 o territ\u00f3rio nacional como a \u00e1rea de execu\u00e7\u00e3o designada para a promo\u00e7\u00e3o e divulga\u00e7\u00e3o deste SORTEIO, de modo que poder\u00e3o deste participar as pessoas f\u00edsicas, de idade igual ou maior a 18 (dezoito) anos que sejam residentes e domiciliadas no territ\u00f3rio nacional.<\/p>\n<p style=\"text-align: justify;\">2.3 Caso a participante ganhadora seja menor, esta ser\u00e1 desclassificada e escolhida a participante subsequente de acordo com a avalia\u00e7\u00e3o e julgamento da Comiss\u00e3o Julgadora.<\/p>\n<p style=\"text-align: justify;\">2.4 \u00c9 vedada a participa\u00e7\u00e3o de funcion\u00e1rios(as), colaboradores(as), s\u00f3cios\/acionistas da rede de Supermercados Goes e de suas empresas coligadas, bem como de seus respectivos parentes at\u00e9 2\u00ba grau e c\u00f4njuges e quaisquer pessoas envolvidas diretamente na execu\u00e7\u00e3o do SORTEIO.<\/p>\n<p style=\"text-align: justify;\">3 MEC\u00c2NICA DO SORTEIO. No total ser\u00e3o 08 (OITO) cestas de beleza,\u00a0 os pr\u00eamios ser\u00e3o sorteados no \u00faltimo s\u00e1bado do m\u00eas, ou seja dia 27 de mar\u00e7o que ser\u00e1 realizado nas respectivas lojas do Supermercados Goes. A cada compra no valor de R$50,00 (CINQUENTA REAIS) realizada na Rede de Supermercados, voc\u00ea recebe 01 (um) cupom para participar do SORTEIO. Ao preencher seus dados, o participante dever\u00e1 depositar seu cupom na urna localizada em todas as lojas da Rede de Supermercados Goes para concorrer. O participante autoriza atrav\u00e9s deste a divulga\u00e7\u00e3o de sua imagem nas m\u00eddias da Rede de Supermercados Goes.<\/p>\n<p style=\"text-align: justify;\">3.1 Os interessados poder\u00e3o se inscrever neste SORTEIO quantas vezes desejar, mediante o preenchimento de todas as condi\u00e7\u00f5es de participa\u00e7\u00e3o estabelecidas neste Regulamento, sendo a participa\u00e7\u00e3o pessoal e intransfer\u00edvel. A ORGANIZADORA desqualificar\u00e1 aquele que se utilizar de quaisquer m\u00e9todos il\u00edcitos ou contr\u00e1rios aos previstos neste Regulamento para manipular o resultado do SORTEIO.<\/p>\n<p style=\"text-align: justify;\">3.2 As inscri\u00e7\u00f5es podem ser enviadas at\u00e9 o o dia 27 de mar\u00e7o de 2021. N\u00e3o ser\u00e3o aceitas inscri\u00e7\u00f5es enviadas ap\u00f3s esta data, inclusive somente ser\u00e3o aceitos cupons at\u00e9 esta data.<\/p>\n<p style=\"text-align: justify;\">3.3 SELE\u00c7\u00c3O E NOTIFICA\u00c7\u00c3O DO GANHADOR. Ser\u00e3o sorteados 01 (UM) cupom por loja de acordo com os pr\u00eamios dispon\u00edveis e dentre as inscri\u00e7\u00f5es validadas, por comiss\u00e3o julgadora composta de no m\u00ednimo 03 (tr\u00eas) jurados indicados pela ORGANIZADORA.<\/p>\n<ol style=\"text-align: justify;\">\n<li>O resultado deste SORTEIO ser\u00e1 divulgado durante a semana ap\u00f3s o sorteio, nas redes sociais, bem como os ganhadores poder\u00e3o ser informados atrav\u00e9s do e-mail e\/ou telefones cadastrados. Os contemplados dos sorteios ter\u00e3o que retirar o pr\u00eamio na loja at\u00e9 o dia 30\/04\/2021.<\/li>\n<li>DA PREMIA\u00c7\u00c3O E ENTREGA DOS PR\u00caMIOS. Aos vencedores deste SORTEIO<\/li>\n<\/ol>\n<p style=\"text-align: justify;\">6\u00a0 EM NENHUMA HIP\u00d3TESE, OS VENCEDORES PODER\u00c3O RECEBER O VALOR DO PR\u00caMIO EM DINHEIRO, SENDO OS MESMOS PESSOAIS E INTRANSFER\u00cdVEIS.<\/p>\n<p style=\"text-align: justify;\">6.1 Os ganhadores, ao receberem o pr\u00eamio deste SORTEIO, concordam em assinar termo de recebimento e de uso de imagem, fornecendo c\u00f3pia do documento de identifica\u00e7\u00e3o (RG) e aceit\u00e1-lo sem direito a futuras reivindica\u00e7\u00f5es \u00e0 ORGANIZADORA, bem como tamb\u00e9m concordam em isentar a mesma e\/ou qualquer empresa envolvida no SORTEIO, suas companhias coligadas, subsidi\u00e1rias e afiliadas, inclusive seus respectivos funcion\u00e1rios, representantes, prestadores de servi\u00e7os e agentes ou qualquer outra pessoa ou organiza\u00e7\u00e3o envolvida diretamente ou indiretamente a este SORTEIO de toda e qualquer demanda ou a\u00e7\u00e3o legal consequente de sua participa\u00e7\u00e3o no SORTEIO ou recebimento e utiliza\u00e7\u00e3o de qualquer pr\u00eamio, com exce\u00e7\u00e3o daquelas relativas ao cumprimento, bom andamento e desfecho do SORTEIO.<\/p>\n<ol>\n<li style=\"text-align: justify;\">Em caso de fraude ou tentativa de fraude comprovada, o participante ser\u00e1 automaticamente exclu\u00eddo do SORTEIO, independentemente do envio de qualquer notifica\u00e7\u00e3o e, caso seja um dos ganhadores, o pr\u00eamio ser\u00e1 transferido para o pr\u00f3ximo participante classificado dentro das condi\u00e7\u00f5es v\u00e1lidas e previstas neste Regulamento. Para efeito dessa cl\u00e1usula, considera-se fraude a participa\u00e7\u00e3o atrav\u00e9s do cadastramento de informa\u00e7\u00f5es incorretas ou falsas, a participa\u00e7\u00e3o de funcion\u00e1rios, terceiros, parentes at\u00e9 segundo grau de funcion\u00e1rios e terceiros, promotores, agentes, afiliados ou outros que possuam rela\u00e7\u00e3o profissional direta ou indireta com a ORGANIZADORA.<\/li>\n<li style=\"text-align: justify;\">Ao participar deste SORTEIO, nos termos deste Regulamento, os participantes estar\u00e3o automaticamente cedendo o direito de uso de sua imagem e voz pelo prazo de 12 (doze) meses, bem como os direitos de expor, publicar, reproduzir, armazenar e\/ou de qualquer outra forma delas se utilizarem, o que os participantes fazem de modo expresso e em car\u00e1ter irrevog\u00e1vel e irretrat\u00e1vel, desde j\u00e1 e de pleno direito, em car\u00e1ter gratuito e sem qualquer remunera\u00e7\u00e3o, \u00f4nus ou encargo, podendo referidos direitos serem exercidos por meio de cartazes, filmes e\/ou spots, jingles e\/ou vinhetas, bem como em qualquer tipo de m\u00eddia e\/ou pe\u00e7as promocionais, inclusive em televis\u00e3o, r\u00e1dio, jornal, cartazes, faixas, outdoors, mala-direta e na Internet, para a ampla divulga\u00e7\u00e3o deste Regulamento e\/ou de seu desenvolvimento posterior, com exclusividade.<\/li>\n<li style=\"text-align: justify;\">As autoriza\u00e7\u00f5es descritas acima n\u00e3o implicam em qualquer obriga\u00e7\u00e3o de divulga\u00e7\u00e3o ou de pagamento de qualquer quantia por parte da ORGANIZADORA.<\/li>\n<li style=\"text-align: justify;\">Os casos omissos e\/ou eventuais controv\u00e9rsias oriundas da participa\u00e7\u00e3o neste SORTEIO ser\u00e3o submetidos \u00e0 comiss\u00e3o julgadora para avalia\u00e7\u00e3o, sendo as suas decis\u00f5es soberanas e irrecorr\u00edveis.<\/li>\n<li style=\"text-align: justify;\">A simples participa\u00e7\u00e3o neste SORTEIO, atrav\u00e9s do preenchimento do cupom de inscri\u00e7\u00e3o, implica no conhecimento e total aceita\u00e7\u00e3o deste Regulamento.<\/li>\n<li style=\"text-align: justify;\">O participante cuja conduta implicar na manipula\u00e7\u00e3o dolosa da opera\u00e7\u00e3o do SORTEIO ou que violar os termos e condi\u00e7\u00f5es impostos neste Regulamento, estar\u00e1 automaticamente desqualificado e\/ou desclassificado.<\/li>\n<li style=\"text-align: justify;\">Se por qualquer motivo, alheio \u00e0 vontade e controle da ORGANIZADORA, n\u00e3o for poss\u00edvel conduzir este SORTEIO conforme o planejado, poder\u00e1 a ORGANIZADORA finaliz\u00e1-lo antecipadamente, mediante aviso \u00e0s participantes. Caso o SORTEIO tenha seu t\u00e9rmino antecipado, a ORGANIZADORA dever\u00e1 avisar ao p\u00fablico e \u00e0s participantes atrav\u00e9s dos mesmos meios utilizados para sua divulga\u00e7\u00e3o, explicando as raz\u00f5es que a levaram a tal decis\u00e3o.<\/li>\n<li style=\"text-align: justify;\">D\u00favidas e informa\u00e7\u00f5es sobre este SORTEIO poder\u00e3o ser esclarecidas por meio do e-mail: marketing@supergoes.com.br. Este SORTEIO, assim como seu regulamento, poder\u00e1 ser alterado, a crit\u00e9rio da ORGANIZADORA, mediante aviso no website http:\/\/www.supergoes.com.br<\/li>\n<li style=\"text-align: justify;\">Fica desde j\u00e1 eleito o Foro Central da Comarca da Regi\u00e3o Metropolitana de Curitiba para dirimir quaisquer quest\u00f5es oriundas deste SORTEIO.<\/li>\n<\/ol>\n<\/div>","protected":false},"excerpt":{"rendered":"<p>REGULAMENTO DE SORTEIOS SUPER GOES ORGANIZADORA. Este SORTEIO \u00e9 organizado pela rede de Supermercados Goes, inscrita perante o C.N.P.J.M.F. sob o n\u00ba 08.355.527\/0007-36, com sede na Rua Edson Roberto Oliveira, n\u00ba 90, Uberaba, na Cidade de Curitiba, Estado do Paran\u00e1. PRAZO, \u00c1REA DE EXECU\u00c7\u00c3O E PARTICIPA\u00c7\u00c3O. Essa promo\u00e7\u00e3o ter\u00e1 in\u00edcio em 01 de Mar\u00e7o de [&hellip;]<\/p>\n","protected":false},"author":1,"featured_media":0,"parent":0,"menu_order":0,"comment_status":"closed","ping_status":"closed","template":"","meta":{"footnotes":""},"class_list":["post-9384","page","type-page","status-publish","hentry"],"_links":{"self":[{"href":"https:\/\/www.supergoes.com.br\/site\/wp-json\/wp\/v2\/pages\/9384","targetHints":{"allow":["GET"]}}],"collection":[{"href":"https:\/\/www.supergoes.com.br\/site\/wp-json\/wp\/v2\/pages"}],"about":[{"href":"https:\/\/www.supergoes.com.br\/site\/wp-json\/wp\/v2\/types\/page"}],"author":[{"embeddable":true,"href":"https:\/\/www.supergoes.com.br\/site\/wp-json\/wp\/v2\/users\/1"}],"replies":[{"embeddable":true,"href":"https:\/\/www.supergoes.com.br\/site\/wp-json\/wp\/v2\/comments?post=9384"}],"version-history":[{"count":2,"href":"https:\/\/www.supergoes.com.br\/site\/wp-json\/wp\/v2\/pages\/9384\/revisions"}],"predecessor-version":[{"id":13104,"href":"https:\/\/www.supergoes.com.br\/site\/wp-json\/wp\/v2\/pages\/9384\/revisions\/13104"}],"wp:attachment":[{"href":"https:\/\/www.supergoes.com.br\/site\/wp-json\/wp\/v2\/media?parent=9384"}],"curies":[{"name":"wp","href":"https:\/\/api.w.org\/{rel}","templated":true}]}}