{"id":9004,"date":"2020-12-07T17:28:15","date_gmt":"2020-12-07T20:28:15","guid":{"rendered":"https:\/\/www.supergoes.com.br\/site\/?page_id=9004"},"modified":"2021-01-11T16:57:34","modified_gmt":"2021-01-11T19:57:34","slug":"regulamento-natal-premiado-super-goes-2020","status":"publish","type":"page","link":"https:\/\/www.supergoes.com.br\/site\/regulamento-natal-premiado-super-goes-2020\/","title":{"rendered":"REGULAMENTO NATAL PREMIADO SUPER GOES 2020"},"content":{"rendered":"<div id=\"modal-ready\"><p><img loading=\"lazy\" decoding=\"async\" class=\"aligncenter size-full wp-image-9005\" src=\"https:\/\/www.supergoes.com.br\/site\/wp-content\/uploads\/2020\/12\/site_pg.jpg\" alt=\"\" width=\"1357\" height=\"512\" srcset=\"https:\/\/www.supergoes.com.br\/site\/wp-content\/uploads\/2020\/12\/site_pg.jpg 1357w, https:\/\/www.supergoes.com.br\/site\/wp-content\/uploads\/2020\/12\/site_pg-300x113.jpg 300w, https:\/\/www.supergoes.com.br\/site\/wp-content\/uploads\/2020\/12\/site_pg-1030x389.jpg 1030w, https:\/\/www.supergoes.com.br\/site\/wp-content\/uploads\/2020\/12\/site_pg-768x290.jpg 768w, https:\/\/www.supergoes.com.br\/site\/wp-content\/uploads\/2020\/12\/site_pg-705x266.jpg 705w\" sizes=\"auto, (max-width: 1357px) 100vw, 1357px\" \/><\/p>\n<p style=\"text-align: center;\"><b>Lista de Ganhadores<\/b><\/p>\n<style type=\"text\/css\"><!--td {border: 1px solid #ccc;}br {mso-data-placement:same-cell;}--><\/style>\n<table dir=\"ltr\" border=\"1\" cellspacing=\"0\" cellpadding=\"0\">\n<colgroup>\n<col width=\"400\" \/>\n<col width=\"201\" \/><\/colgroup>\n<tbody>\n<tr>\n<td style=\"text-align: center;\" data-sheets-value=\"{&quot;1&quot;:2,&quot;2&quot;:&quot;Nome&quot;}\"><strong>Nome<\/strong><\/td>\n<td style=\"text-align: center;\" data-sheets-value=\"{&quot;1&quot;:2,&quot;2&quot;:&quot;Pr\u00eamio&quot;}\"><strong>Pr\u00eamio<\/strong><\/td>\n<\/tr>\n<tr>\n<td data-sheets-value=\"{&quot;1&quot;:2,&quot;2&quot;:&quot;Amauri Giovelli Jr&quot;}\">Amauri Giovelli Jr<\/td>\n<td data-sheets-value=\"{&quot;1&quot;:2,&quot;2&quot;:&quot;Mala de viagem azul&quot;}\">Mala de viagem azul<\/td>\n<\/tr>\n<tr>\n<td data-sheets-value=\"{&quot;1&quot;:2,&quot;2&quot;:&quot;Bruna Lima&quot;}\">Bruna Lima<\/td>\n<td data-sheets-value=\"{&quot;1&quot;:2,&quot;2&quot;:&quot;Moto el\u00e9trica infantil&quot;}\">Moto el\u00e9trica infantil<\/td>\n<\/tr>\n<tr>\n<td data-sheets-value=\"{&quot;1&quot;:2,&quot;2&quot;:&quot;Edson Luiz Meller&quot;}\">Edson Luiz Meller<\/td>\n<td data-sheets-value=\"{&quot;1&quot;:2,&quot;2&quot;:&quot;Ventilador Mondial&quot;}\">Ventilador Mondial<\/td>\n<\/tr>\n<tr>\n<td data-sheets-value=\"{&quot;1&quot;:2,&quot;2&quot;:&quot;Eliz Regina Horstsk&quot;}\">Eliz Regina Horstsk<\/td>\n<td data-sheets-value=\"{&quot;1&quot;:2,&quot;2&quot;:&quot;Moto el\u00e9trica infantil aro 12&quot;}\">Moto el\u00e9trica infantil aro 12<\/td>\n<\/tr>\n<tr>\n<td data-sheets-value=\"{&quot;1&quot;:2,&quot;2&quot;:&quot;Flavia Lima&quot;}\">Flavia Lima<\/td>\n<td data-sheets-value=\"{&quot;1&quot;:2,&quot;2&quot;:&quot;Secador&quot;}\">Secador<\/td>\n<\/tr>\n<tr>\n<td data-sheets-value=\"{&quot;1&quot;:2,&quot;2&quot;:&quot;Izabelle de Cristo G.&quot;}\">Izabelle de Cristo G.<\/td>\n<td data-sheets-value=\"{&quot;1&quot;:2,&quot;2&quot;:&quot;Bicicleta infantil&quot;}\">Bicicleta infantil<\/td>\n<\/tr>\n<tr>\n<td data-sheets-value=\"{&quot;1&quot;:2,&quot;2&quot;:&quot;Jackeline A. F. Lopes&quot;}\">Jackeline A. F. Lopes<\/td>\n<td data-sheets-value=\"{&quot;1&quot;:2,&quot;2&quot;:&quot;Jogo de Jantar&quot;}\">Jogo de Jantar<\/td>\n<\/tr>\n<tr>\n<td data-sheets-value=\"{&quot;1&quot;:2,&quot;2&quot;:&quot;Jessica Maier&quot;}\">Jessica Maier<\/td>\n<td data-sheets-value=\"{&quot;1&quot;:2,&quot;2&quot;:&quot;Panificadora Brit\u00e2nia&quot;}\">Panificadora Brit\u00e2nia<\/td>\n<\/tr>\n<tr>\n<td data-sheets-value=\"{&quot;1&quot;:2,&quot;2&quot;:&quot;Jo\u00e3o Maria Portes&quot;}\">Jo\u00e3o Maria Portes<\/td>\n<td data-sheets-value=\"{&quot;1&quot;:2,&quot;2&quot;:&quot;Kit Beleza&quot;}\">Kit Beleza<\/td>\n<\/tr>\n<tr>\n<td data-sheets-value=\"{&quot;1&quot;:2,&quot;2&quot;:&quot;Joel Tales B. da Costa&quot;}\">Joel Tales B. da Costa<\/td>\n<td data-sheets-value=\"{&quot;1&quot;:2,&quot;2&quot;:&quot;Panificadora Britania&quot;}\">Panificadora Britania<\/td>\n<\/tr>\n<tr>\n<td data-sheets-value=\"{&quot;1&quot;:2,&quot;2&quot;:&quot;Josmar Luiz&quot;}\">Josmar Luiz<\/td>\n<td data-sheets-value=\"{&quot;1&quot;:2,&quot;2&quot;:&quot;Patinete Juvenil preto&quot;}\">Patinete Juvenil preto<\/td>\n<\/tr>\n<tr>\n<td data-sheets-value=\"{&quot;1&quot;:2,&quot;2&quot;:&quot;Mauro Ribeiro&quot;}\">Mauro Ribeiro<\/td>\n<td data-sheets-value=\"{&quot;1&quot;:2,&quot;2&quot;:&quot;Bicicleta infantil aro 12&quot;}\">Bicicleta infantil aro 12<\/td>\n<\/tr>\n<tr>\n<td data-sheets-value=\"{&quot;1&quot;:2,&quot;2&quot;:&quot;Osmarina de Souza Azevedo&quot;}\">Osmarina de Souza Azevedo<\/td>\n<td data-sheets-value=\"{&quot;1&quot;:2,&quot;2&quot;:&quot;Kit Beleza&quot;}\">Kit Beleza<\/td>\n<\/tr>\n<tr>\n<td data-sheets-value=\"{&quot;1&quot;:2,&quot;2&quot;:&quot;Sergio Machado&quot;}\">Sergio Machado<\/td>\n<td data-sheets-value=\"{&quot;1&quot;:2,&quot;2&quot;:&quot;Panificadora Brit\u00e2nia&quot;}\">Panificadora Brit\u00e2nia<\/td>\n<\/tr>\n<tr>\n<td data-sheets-value=\"{&quot;1&quot;:2,&quot;2&quot;:&quot;Valmira M. Ribeiro&quot;}\">Valmira M. Ribeiro<\/td>\n<td data-sheets-value=\"{&quot;1&quot;:2,&quot;2&quot;:&quot;Bicicleta Infantil&quot;}\">Bicicleta Infantil<\/td>\n<\/tr>\n<\/tbody>\n<\/table>\n<p style=\"text-align: center;\"><b>REGULAMENTO DE SORTEIOS SUPER GOES<\/b><\/p>\n<ol style=\"text-align: justify;\">\n<li><span style=\"font-weight: 400;\"> ORGANIZADORA. Este SORTEIO \u00e9 organizado pela rede de Supermercados Goes, inscrita perante o C.N.P.J.M.F. sob o n\u00ba 08.355.527\/0007-36, com sede na Rua Edson Roberto Oliveira, n\u00ba 90, Uberaba, na Cidade de Curitiba, Estado do Paran\u00e1.<\/span><\/li>\n<li><span style=\"font-weight: 400;\"> PRAZO, \u00c1REA DE EXECU\u00c7\u00c3O E PARTICIPA\u00c7\u00c3O. Essa promo\u00e7\u00e3o ter\u00e1 in\u00edcio em 08 de Dezembro de 2020 e t\u00e9rmino em 08 de Janeiro de 2021. O sorteio ser\u00e1 dia 09\/01\/2020 \u00e0s 17h00 e os resultados ser\u00e3o divulgados via M\u00eddias Sociais e comunicado aos vencedores.<\/span><\/li>\n<\/ol>\n<p style=\"text-align: justify;\"><span style=\"font-weight: 400;\">2.1 Para efeitos de participa\u00e7\u00e3o neste SORTEIO, ser\u00e1 considerado per\u00edodo de inscri\u00e7\u00e3o a partir do dia 08 de Dezembro de 2020\u00a0 e t\u00e9rmino no dia 08 de Janeiro de 2021, respeitando-se o limite de hor\u00e1rio do expediente do mercado local.<\/span><\/p>\n<p style=\"text-align: justify;\"><span style=\"font-weight: 400;\">2.2 \u00c1rea de Execu\u00e7\u00e3o: Considerar-se-\u00e1 o territ\u00f3rio nacional como a \u00e1rea de execu\u00e7\u00e3o designada para a promo\u00e7\u00e3o e divulga\u00e7\u00e3o deste SORTEIO, de modo que poder\u00e3o deste participar as pessoas f\u00edsicas, de idade igual ou maior a 18 (dezoito) anos que sejam residentes e domiciliadas no territ\u00f3rio nacional.<\/span><\/p>\n<p style=\"text-align: justify;\"><span style=\"font-weight: 400;\">2.3 Caso a participante ganhadora seja menor, esta ser\u00e1 desclassificada e escolhida a participante subsequente de acordo com a avalia\u00e7\u00e3o e julgamento da Comiss\u00e3o Julgadora.<\/span><\/p>\n<p style=\"text-align: justify;\"><span style=\"font-weight: 400;\">2.4 \u00c9 vedada a participa\u00e7\u00e3o de funcion\u00e1rios(as), colaboradores(as), s\u00f3cios\/acionistas da rede de Supermercados Goes e de suas empresas coligadas, bem como de seus respectivos parentes at\u00e9 2\u00ba grau e c\u00f4njuges e quaisquer pessoas envolvidas diretamente na execu\u00e7\u00e3o do SORTEIO.<\/span><\/p>\n<p style=\"text-align: justify;\"><span style=\"font-weight: 400;\">3 MEC\u00c2NICA DO SORTEIO. No total ser\u00e3o 17 (dezessete) pr\u00eamios conforme abaixo:<\/span><\/p>\n<ul style=\"text-align: justify;\">\n<li style=\"font-weight: 400;\"><span style=\"font-weight: 400;\">2 triciclos el\u00e9tricos 6v<\/span><\/li>\n<li style=\"font-weight: 400;\"><span style=\"font-weight: 400;\">3 panificadoras brit\u00e2nia multi pane preta<\/span><\/li>\n<li style=\"font-weight: 400;\"><span style=\"font-weight: 400;\">8 mini secador de cabelo para viagem Cadence<\/span><\/li>\n<li style=\"font-weight: 400;\"><span style=\"font-weight: 400;\">1 mala de viagem<\/span><\/li>\n<li style=\"font-weight: 400;\"><span style=\"font-weight: 400;\">1 ventilador Mondial 40 cm turbo 8 p\u00e1s<\/span><\/li>\n<li style=\"font-weight: 400;\"><span style=\"font-weight: 400;\">2 caixas t\u00e9rmicas<\/span><\/li>\n<\/ul>\n<p style=\"text-align: justify;\"><span style=\"font-weight: 400;\">Ao preencher seus dados, o participante dever\u00e1 depositar seu cupom na urna localizada em todas as lojas da Rede de Supermercados Goes para concorrer. O participante autoriza atrav\u00e9s deste a divulga\u00e7\u00e3o de sua imagem nas m\u00eddias da Rede de Supermercados Goes.<\/span><\/p>\n<p style=\"text-align: justify;\"><span style=\"font-weight: 400;\">3.1 Os interessados poder\u00e3o se inscrever neste SORTEIO quantas vezes desejar, mediante o preenchimento de todas as condi\u00e7\u00f5es de participa\u00e7\u00e3o estabelecidas neste Regulamento, sendo a participa\u00e7\u00e3o pessoal e intransfer\u00edvel. A ORGANIZADORA desqualificar\u00e1 aquele que se utilizar de quaisquer m\u00e9todos il\u00edcitos ou contr\u00e1rios aos previstos neste Regulamento para manipular o resultado do SORTEIO.<\/span><\/p>\n<p style=\"text-align: justify;\"><span style=\"font-weight: 400;\">3.2 As inscri\u00e7\u00f5es podem ser enviadas at\u00e9\u00a0 o dia 08 de janeiro de 2021. N\u00e3o ser\u00e3o aceitas inscri\u00e7\u00f5es enviadas ap\u00f3s esta data, inclusive somente ser\u00e3o aceitos cupons at\u00e9 esta data.<\/span><\/p>\n<p style=\"text-align: justify;\"><span style=\"font-weight: 400;\">3.3 SELE\u00c7\u00c3O E NOTIFICA\u00c7\u00c3O DO GANHADOR. Ser\u00e3o sorteados 17 (DEZESSETE) cupons por uma comiss\u00e3o julgadora composta de no m\u00ednimo 03 (tr\u00eas) jurados indicados pela ORGANIZADORA.\u00a0<\/span><\/p>\n<ol style=\"text-align: justify;\" start=\"4\">\n<li><span style=\"font-weight: 400;\"> O resultado deste SORTEIO ser\u00e1 divulgado durante a semana ap\u00f3s o sorteio, nas redes sociais, bem como os ganhadores poder\u00e3o ser informados atrav\u00e9s do e-mail e\/ou telefones cadastrados.<\/span><\/li>\n<li><span style=\"font-weight: 400;\"> DA PREMIA\u00c7\u00c3O E ENTREGA DOS PR\u00caMIOS. Aos vencedores deste SORTEIO<\/span><\/li>\n<\/ol>\n<p style=\"text-align: justify;\"><span style=\"font-weight: 400;\">6\u00a0 EM NENHUMA HIP\u00d3TESE, OS VENCEDORES PODER\u00c3O RECEBER O VALOR DO PR\u00caMIO EM DINHEIRO, SENDO OS MESMOS PESSOAIS E INTRANSFER\u00cdVEIS.<\/span><\/p>\n<p style=\"text-align: justify;\"><span style=\"font-weight: 400;\">6.1 Os ganhadores, ao receberem o pr\u00eamio deste SORTEIO, concordam em assinar termo de recebimento e de uso de imagem, fornecendo c\u00f3pia do documento de identifica\u00e7\u00e3o (RG) e aceit\u00e1-lo sem direito a futuras reivindica\u00e7\u00f5es \u00e0 ORGANIZADORA, bem como tamb\u00e9m concordam em isentar a mesma e\/ou qualquer empresa envolvida no SORTEIO, suas companhias coligadas, subsidi\u00e1rias e afiliadas, inclusive seus respectivos funcion\u00e1rios, representantes, prestadores de servi\u00e7os e agentes ou qualquer outra pessoa ou organiza\u00e7\u00e3o envolvida diretamente ou indiretamente a este SORTEIO de toda e qualquer demanda ou a\u00e7\u00e3o legal consequente de sua participa\u00e7\u00e3o no SORTEIO ou recebimento e utiliza\u00e7\u00e3o de qualquer pr\u00eamio, com exce\u00e7\u00e3o daquelas relativas ao cumprimento, bom andamento e desfecho do SORTEIO.<\/span><\/p>\n<ol start=\"7\">\n<li style=\"text-align: justify;\"><span style=\"font-weight: 400;\"> Em caso de fraude ou tentativa de fraude comprovada, o participante ser\u00e1 automaticamente exclu\u00eddo do SORTEIO, independentemente do envio de qualquer notifica\u00e7\u00e3o e, caso seja um dos ganhadores, o pr\u00eamio ser\u00e1 transferido para o pr\u00f3ximo participante classificado dentro das condi\u00e7\u00f5es v\u00e1lidas e previstas neste Regulamento. Para efeito dessa cl\u00e1usula, considera-se fraude a participa\u00e7\u00e3o atrav\u00e9s do cadastramento de informa\u00e7\u00f5es incorretas ou falsas, a participa\u00e7\u00e3o de funcion\u00e1rios, terceiros, parentes at\u00e9 segundo grau de funcion\u00e1rios e terceiros, promotores, agentes, afiliados ou outros que possuam rela\u00e7\u00e3o profissional direta ou indireta com a ORGANIZADORA.<\/span><\/li>\n<li style=\"text-align: justify;\"><span style=\"font-weight: 400;\"> Ao participar deste SORTEIO, nos termos deste Regulamento, os participantes estar\u00e3o automaticamente cedendo o direito de uso de sua imagem e voz pelo prazo de 12 (doze) meses, bem como os direitos de expor, publicar, reproduzir, armazenar e\/ou de qualquer outra forma delas se utilizarem, o que os participantes fazem de modo expresso e em car\u00e1ter irrevog\u00e1vel e irretrat\u00e1vel, desde j\u00e1 e de pleno direito, em car\u00e1ter gratuito e sem qualquer remunera\u00e7\u00e3o, \u00f4nus ou encargo, podendo referidos direitos serem exercidos por meio de cartazes, filmes e\/ou spots, jingles e\/ou vinhetas, bem como em qualquer tipo de m\u00eddia e\/ou pe\u00e7as promocionais, inclusive em televis\u00e3o, r\u00e1dio, jornal, cartazes, faixas, outdoors, mala-direta e na Internet, para a ampla divulga\u00e7\u00e3o deste Regulamento e\/ou de seu desenvolvimento posterior, com exclusividade.<\/span><\/li>\n<li style=\"text-align: justify;\"><span style=\"font-weight: 400;\"> As autoriza\u00e7\u00f5es descritas acima n\u00e3o implicam em qualquer obriga\u00e7\u00e3o de divulga\u00e7\u00e3o ou de pagamento de qualquer quantia por parte da ORGANIZADORA.<\/span><\/li>\n<li style=\"text-align: justify;\"><span style=\"font-weight: 400;\"> Os casos omissos e\/ou eventuais controv\u00e9rsias oriundas da participa\u00e7\u00e3o neste SORTEIO ser\u00e3o submetidos \u00e0 comiss\u00e3o julgadora para avalia\u00e7\u00e3o, sendo as suas decis\u00f5es soberanas e irrecorr\u00edveis.<\/span><\/li>\n<li style=\"text-align: justify;\"><span style=\"font-weight: 400;\"> A simples participa\u00e7\u00e3o neste SORTEIO, atrav\u00e9s do preenchimento do cupom de inscri\u00e7\u00e3o, implica no conhecimento e total aceita\u00e7\u00e3o deste Regulamento.<\/span><\/li>\n<li style=\"text-align: justify;\"><span style=\"font-weight: 400;\"> O participante cuja conduta implicar na manipula\u00e7\u00e3o dolosa da opera\u00e7\u00e3o do SORTEIO ou que violar os termos e condi\u00e7\u00f5es impostos neste Regulamento, estar\u00e1 automaticamente desqualificado e\/ou desclassificado.<\/span><\/li>\n<li style=\"text-align: justify;\"><span style=\"font-weight: 400;\"> Se por qualquer motivo, alheio \u00e0 vontade e controle da ORGANIZADORA, n\u00e3o for poss\u00edvel conduzir este SORTEIO conforme o planejado, poder\u00e1 a ORGANIZADORA finaliz\u00e1-lo antecipadamente, mediante aviso \u00e0s participantes. Caso o SORTEIO tenha seu t\u00e9rmino antecipado, a ORGANIZADORA dever\u00e1 avisar ao p\u00fablico e \u00e0s participantes atrav\u00e9s dos mesmos meios utilizados para sua divulga\u00e7\u00e3o, explicando as raz\u00f5es que a levaram a tal decis\u00e3o.<\/span><\/li>\n<li style=\"text-align: justify;\"><span style=\"font-weight: 400;\"> D\u00favidas e informa\u00e7\u00f5es sobre este SORTEIO poder\u00e3o ser esclarecidas por meio do e-mail: marketing@supergoes.com.br. Este SORTEIO, assim como seu regulamento, poder\u00e1 ser alterado, a crit\u00e9rio da ORGANIZADORA, mediante aviso no website http:\/\/www.supergoes.com.br<\/span><\/li>\n<li style=\"text-align: justify;\"><span style=\"font-weight: 400;\"> Fica desde j\u00e1 eleito o Foro Central da Comarca da Regi\u00e3o Metropolitana de Curitiba para dirimir quaisquer quest\u00f5es oriundas deste SORTEIO.<\/span><\/li>\n<\/ol>\n<\/div>","protected":false},"excerpt":{"rendered":"<p>Lista de Ganhadores Nome Pr\u00eamio Amauri Giovelli Jr Mala de viagem azul Bruna Lima Moto el\u00e9trica infantil Edson Luiz Meller Ventilador Mondial Eliz Regina Horstsk Moto el\u00e9trica infantil aro 12 Flavia Lima Secador Izabelle de Cristo G. Bicicleta infantil Jackeline A. F. Lopes Jogo de Jantar Jessica Maier Panificadora Brit\u00e2nia Jo\u00e3o Maria Portes Kit Beleza [&hellip;]<\/p>\n","protected":false},"author":1,"featured_media":0,"parent":0,"menu_order":0,"comment_status":"closed","ping_status":"closed","template":"","meta":{"footnotes":""},"class_list":["post-9004","page","type-page","status-publish","hentry"],"_links":{"self":[{"href":"https:\/\/www.supergoes.com.br\/site\/wp-json\/wp\/v2\/pages\/9004","targetHints":{"allow":["GET"]}}],"collection":[{"href":"https:\/\/www.supergoes.com.br\/site\/wp-json\/wp\/v2\/pages"}],"about":[{"href":"https:\/\/www.supergoes.com.br\/site\/wp-json\/wp\/v2\/types\/page"}],"author":[{"embeddable":true,"href":"https:\/\/www.supergoes.com.br\/site\/wp-json\/wp\/v2\/users\/1"}],"replies":[{"embeddable":true,"href":"https:\/\/www.supergoes.com.br\/site\/wp-json\/wp\/v2\/comments?post=9004"}],"version-history":[{"count":6,"href":"https:\/\/www.supergoes.com.br\/site\/wp-json\/wp\/v2\/pages\/9004\/revisions"}],"predecessor-version":[{"id":13108,"href":"https:\/\/www.supergoes.com.br\/site\/wp-json\/wp\/v2\/pages\/9004\/revisions\/13108"}],"wp:attachment":[{"href":"https:\/\/www.supergoes.com.br\/site\/wp-json\/wp\/v2\/media?parent=9004"}],"curies":[{"name":"wp","href":"https:\/\/api.w.org\/{rel}","templated":true}]}}