{"id":6497,"date":"2019-09-30T17:52:25","date_gmt":"2019-09-30T20:52:25","guid":{"rendered":"https:\/\/www.supergoes.com.br\/site\/?page_id=6497"},"modified":"2019-10-01T09:36:32","modified_gmt":"2019-10-01T12:36:32","slug":"aniversariopremiado","status":"publish","type":"page","link":"https:\/\/www.supergoes.com.br\/site\/aniversariopremiado\/","title":{"rendered":"Regulamento Anivers\u00e1rio Premiado 2019"},"content":{"rendered":"<div id=\"modal-ready\"><p><img loading=\"lazy\" decoding=\"async\" class=\"aligncenter size-full wp-image-6499\" src=\"https:\/\/www.supergoes.com.br\/site\/wp-content\/uploads\/2019\/09\/site.png\" alt=\"\" width=\"2050\" height=\"785\" srcset=\"https:\/\/www.supergoes.com.br\/site\/wp-content\/uploads\/2019\/09\/site.png 2050w, https:\/\/www.supergoes.com.br\/site\/wp-content\/uploads\/2019\/09\/site-300x115.png 300w, https:\/\/www.supergoes.com.br\/site\/wp-content\/uploads\/2019\/09\/site-768x294.png 768w, https:\/\/www.supergoes.com.br\/site\/wp-content\/uploads\/2019\/09\/site-1030x394.png 1030w, https:\/\/www.supergoes.com.br\/site\/wp-content\/uploads\/2019\/09\/site-1500x574.png 1500w, https:\/\/www.supergoes.com.br\/site\/wp-content\/uploads\/2019\/09\/site-705x270.png 705w, https:\/\/www.supergoes.com.br\/site\/wp-content\/uploads\/2019\/09\/site-450x172.png 450w\" sizes=\"auto, (max-width: 2050px) 100vw, 2050px\" \/><\/p>\n<p style=\"text-align: justify;\">1. <strong>ORGANIZADORA<\/strong>. Este <strong>SORTEIO<\/strong> \u00e9 organizado pela rede de Supermercados Goes., inscrita perante o C.N.P.J.M.F. sob o n\u00ba 08.355.527\/0007-36, com sede na Rua Edson Roberto Oliveira, n\u00ba 90, Uberaba, na Cidade de Curitiba, Estado do Paran\u00e1.<\/p>\n<p style=\"text-align: justify;\">2. <strong>PRAZO, \u00c1REA DE EXECU\u00c7\u00c3O E PARTICIPA\u00c7\u00c3O<\/strong>. Essa promo\u00e7\u00e3o ter\u00e1 in\u00edcio em 01 de Outubro de 2019 e t\u00e9rmino em 31 de Outubro de 2019.<\/p>\n<p style=\"text-align: justify;\"><strong>2.1<\/strong>\u00a0Para efeitos de participa\u00e7\u00e3o neste <strong>SORTEIO<\/strong>, ser\u00e1 considerado per\u00edodo de inscri\u00e7\u00e3o aquele compreendido entre os dias 01 de Outubro de 2019 a 31 de Outubro de 2019, respeitando-se o limite de hor\u00e1rio do expediente do mercado local.<\/p>\n<p style=\"text-align: justify;\"><strong>2.2<\/strong>\u00a0\u00c1rea de Execu\u00e7\u00e3o: Considerar-se-\u00e1 o territ\u00f3rio nacional como a \u00e1rea de execu\u00e7\u00e3o designada para a promo\u00e7\u00e3o e divulga\u00e7\u00e3o deste <strong>SORTEIO<\/strong>, de modo que poder\u00e3o deste participar as pessoas f\u00edsicas, de idade igual ou maior a 18 (dezoito) anos que sejam residentes e domiciliadas no territ\u00f3rio nacional.<\/p>\n<p style=\"text-align: justify;\"><strong>2.3<\/strong>\u00a0Caso a participante ganhadora seja menor, esta ser\u00e1 desclassificada e escolhida a participante subsequente de acordo com a avalia\u00e7\u00e3o e julgamento da Comiss\u00e3o Julgadora.<\/p>\n<p style=\"text-align: justify;\"><strong>2.4<\/strong>\u00a0\u00c9 vedada a participa\u00e7\u00e3o de funcion\u00e1rios(as), colaboradores(as), s\u00f3cios\/acionistas da rede de Supermercados Goes e de suas empresas coligadas, bem como de seus respectivos parentes at\u00e9 2\u00ba grau e c\u00f4njuges e quaisquer pessoas envolvidas diretamente na execu\u00e7\u00e3o do <strong>SORTEIO<\/strong>.<\/p>\n<p style=\"text-align: justify;\"><strong>3. MEC\u00c2NICA DO SORTEIO.<\/strong>\u00a0A cada R$50,00(cinquenta reais) em compras realizadas na Rede de Supermercados Goes, voc\u00ea recebe 01 cupom para participar do <strong>SORTEIO<\/strong>. Ao preencher seus dados, o participante dever\u00e1 depositar seu cupom na urna localizada nas lojas da Rede de Supermercados Goes para concorrer a <strong>DIVERSOS PR\u00caMIOS EXPOSTOS NAS LOJAS<\/strong>. O participante autoriza atrav\u00e9s deste a divulga\u00e7\u00e3o de sua imagem nas m\u00eddias da Rede de Supermercados Goes.<\/p>\n<p style=\"text-align: justify;\"><strong>3.1<\/strong>\u00a0Os interessados poder\u00e3o se inscrever neste <strong>SORTEIO<\/strong> quantas vezes desejar, mediante o preenchimento de todas as condi\u00e7\u00f5es de participa\u00e7\u00e3o estabelecidas neste Regulamento, sendo a participa\u00e7\u00e3o pessoal e intransfer\u00edvel. <strong>A ORGANIZADORA<\/strong> desqualificar\u00e1 aquele que se utilizar de quaisquer m\u00e9todos il\u00edcitos ou contr\u00e1rios aos previstos neste Regulamento para manipular o resultado do SORTEIO.<\/p>\n<p style=\"text-align: justify;\"><strong>4. O PRAZO DE VALIDADE PARA A RETIRADA DO PR\u00caMIO \u00c9 DE 30 DIAS AP\u00d3S A COMUNICA\u00c7\u00c3O DO MESMO AOS GANHADORES<\/strong>.<\/p>\n<p style=\"text-align: justify;\"><strong>4.1<\/strong>\u00a0<strong>EM NENHUMA HIP\u00d3TESE, OS VENCEDORES PODER\u00c3O RECEBER O VALOR DO PR\u00caMIO EM DINHEIRO, SENDO OS MESMOS PESSOAIS E INTRANSFER\u00cdVEIS<\/strong>.<\/p>\n<p style=\"text-align: justify;\"><strong>4.2<\/strong>\u00a0Os ganhadores, ao receberem o pr\u00eamio deste <strong>SORTEIO<\/strong>, concordam em assinar termo de recebimento e de uso de imagem, fornecendo c\u00f3pia do documento de identifica\u00e7\u00e3o (RG) e aceit\u00e1-lo sem direito a futuras reivindica\u00e7\u00f5es \u00e0 <strong>ORGANIZADORA<\/strong>, bem como tamb\u00e9m concordam em isentar a mesma e\/ou qualquer empresa envolvida no <strong>SORTEIO<\/strong>, suas companhias coligadas, subsidi\u00e1rias e afiliadas, inclusive seus respectivos funcion\u00e1rios, representantes, prestadores de servi\u00e7os e agentes ou qualquer outra pessoa ou organiza\u00e7\u00e3o envolvida diretamente ou indiretamente a este <strong>SORTEIO<\/strong> de toda e qualquer demanda ou a\u00e7\u00e3o legal consequente de sua participa\u00e7\u00e3o no <strong>SORTEIO<\/strong> ou recebimento e utiliza\u00e7\u00e3o de qualquer pr\u00eamio, com exce\u00e7\u00e3o daquelas relativas ao cumprimento, bom andamento e desfecho do <strong>SORTEIO<\/strong>.<\/p>\n<p style=\"text-align: justify;\"><strong>5.<\/strong> Em caso de fraude ou tentativa de fraude comprovada, o participante ser\u00e1 automaticamente exclu\u00eddo do <strong>SORTEIO<\/strong>, independentemente do envio de qualquer notifica\u00e7\u00e3o e, caso seja um dos ganhadores, o pr\u00eamio ser\u00e1 transferido para o pr\u00f3ximo participante classificado dentro das condi\u00e7\u00f5es v\u00e1lidas e previstas neste Regulamento. Para efeito dessa cl\u00e1usula, considera-se fraude a participa\u00e7\u00e3o atrav\u00e9s do cadastramento de informa\u00e7\u00f5es incorretas ou falsas, a participa\u00e7\u00e3o de funcion\u00e1rios, terceiros, parentes at\u00e9 segundo grau de funcion\u00e1rios e terceiros, promotores, agentes, afiliados ou outros que possuam rela\u00e7\u00e3o profissional direta ou indireta com a <strong>ORGANIZADORA<\/strong>.<\/p>\n<p style=\"text-align: justify;\"><strong>6.<\/strong> Ao participar deste <strong>SORTEIO<\/strong>, nos termos deste Regulamento, os participantes estar\u00e3o automaticamente cedendo o direito de uso de sua imagem e voz pelo prazo de 12 (doze) meses, bem como os direitos de expor, publicar, reproduzir, armazenar e\/ou de qualquer outra forma delas se utilizarem, o que os participantes fazem de modo expresso e em car\u00e1ter irrevog\u00e1vel e irretrat\u00e1vel, desde j\u00e1 e de pleno direito, em car\u00e1ter gratuito e sem qualquer remunera\u00e7\u00e3o, \u00f4nus ou encargo, podendo referidos direitos serem exercidos por meio de cartazes, filmes e\/ou spots, jingles e\/ou vinhetas, bem como em qualquer tipo de m\u00eddia e\/ou pe\u00e7as promocionais, inclusive em televis\u00e3o, r\u00e1dio, jornal, cartazes, faixas, outdoors, mala-direta e na Internet, para a ampla divulga\u00e7\u00e3o deste Regulamento e\/ou de seu desenvolvimento posterior, com exclusividade.<\/p>\n<p style=\"text-align: justify;\"><strong>7.<\/strong> As autoriza\u00e7\u00f5es descritas acima n\u00e3o implicam em qualquer obriga\u00e7\u00e3o de divulga\u00e7\u00e3o ou de pagamento de qualquer quantia por parte da <strong>ORGANIZADORA<\/strong>.<\/p>\n<p style=\"text-align: justify;\"><strong>8. <\/strong>Os casos omissos e\/ou eventuais controv\u00e9rsias oriundas da participa\u00e7\u00e3o neste <strong>SORTEIO<\/strong> ser\u00e3o submetidos \u00e0 comiss\u00e3o julgadora para avalia\u00e7\u00e3o, sendo as suas decis\u00f5es soberanas e irrecorr\u00edveis.<\/p>\n<p style=\"text-align: justify;\"><strong>9.<\/strong> A simples participa\u00e7\u00e3o neste <strong>SORTEIO<\/strong>, atrav\u00e9s do preenchimento do cupom de inscri\u00e7\u00e3o, implica no conhecimento e total aceita\u00e7\u00e3o deste Regulamento.<\/p>\n<p style=\"text-align: justify;\"><strong>10.<\/strong> O participante cuja conduta implicar na manipula\u00e7\u00e3o dolosa da opera\u00e7\u00e3o do <strong>SORTEIO<\/strong> ou que violar os termos e condi\u00e7\u00f5es impostos neste Regulamento, estar\u00e1 automaticamente desqualificado e\/ou desclassificado.<\/p>\n<p style=\"text-align: justify;\"><strong>11.<\/strong> Se por qualquer motivo, alheio \u00e0 vontade e controle da <strong>ORGANIZADORA<\/strong>, n\u00e3o for poss\u00edvel conduzir este <strong>SORTEIO<\/strong> conforme o planejado, poder\u00e1 a <strong>ORGANIZADORA<\/strong> finaliz\u00e1-lo antecipadamente, mediante aviso \u00e0s participantes. Caso o <strong>SORTEIO<\/strong> tenha seu t\u00e9rmino antecipado, a <strong>ORGANIZADORA<\/strong> dever\u00e1 avisar ao p\u00fablico e \u00e0s participantes atrav\u00e9s dos mesmos meios utilizados para sua divulga\u00e7\u00e3o, explicando as raz\u00f5es que a levaram a tal decis\u00e3o.<\/p>\n<p style=\"text-align: justify;\"><strong>12.<\/strong> D\u00favidas e informa\u00e7\u00f5es sobre este <strong>SORTEIO<\/strong> poder\u00e3o ser esclarecidas por meio do e-mail: marketing@https:\/\/https:\/\/www.supergoes.com.br\/site\/site. Este <strong>SORTEIO<\/strong>, assim como seu regulamento, poder\u00e1 ser alterado, a crit\u00e9rio da <strong>ORGANIZADORA<\/strong>, mediante aviso no website <a href=\"http:\/\/www.https:\/\/https:\/\/www.supergoes.com.br\/site\/site\">http:\/\/www.https:\/\/https:\/\/www.supergoes.com.br\/site\/site<\/a><\/p>\n<p style=\"text-align: justify;\"><strong>13.<\/strong> Fica desde j\u00e1 eleito o Foro da Comarca da Capital do Estado de domic\u00edlio do participante para dirimir quaisquer quest\u00f5es oriundas deste <strong>SORTEIO<\/strong>.<\/p>\n<\/div>","protected":false},"excerpt":{"rendered":"<p>1. ORGANIZADORA. Este SORTEIO \u00e9 organizado pela rede de Supermercados Goes., inscrita perante o C.N.P.J.M.F. sob o n\u00ba 08.355.527\/0007-36, com sede na Rua Edson Roberto Oliveira, n\u00ba 90, Uberaba, na Cidade de Curitiba, Estado do Paran\u00e1. 2. PRAZO, \u00c1REA DE EXECU\u00c7\u00c3O E PARTICIPA\u00c7\u00c3O. Essa promo\u00e7\u00e3o ter\u00e1 in\u00edcio em 01 de Outubro de 2019 e t\u00e9rmino [&hellip;]<\/p>\n","protected":false},"author":1,"featured_media":0,"parent":0,"menu_order":0,"comment_status":"closed","ping_status":"closed","template":"","meta":{"footnotes":""},"class_list":["post-6497","page","type-page","status-publish","hentry"],"_links":{"self":[{"href":"https:\/\/www.supergoes.com.br\/site\/wp-json\/wp\/v2\/pages\/6497","targetHints":{"allow":["GET"]}}],"collection":[{"href":"https:\/\/www.supergoes.com.br\/site\/wp-json\/wp\/v2\/pages"}],"about":[{"href":"https:\/\/www.supergoes.com.br\/site\/wp-json\/wp\/v2\/types\/page"}],"author":[{"embeddable":true,"href":"https:\/\/www.supergoes.com.br\/site\/wp-json\/wp\/v2\/users\/1"}],"replies":[{"embeddable":true,"href":"https:\/\/www.supergoes.com.br\/site\/wp-json\/wp\/v2\/comments?post=6497"}],"version-history":[{"count":1,"href":"https:\/\/www.supergoes.com.br\/site\/wp-json\/wp\/v2\/pages\/6497\/revisions"}],"predecessor-version":[{"id":13105,"href":"https:\/\/www.supergoes.com.br\/site\/wp-json\/wp\/v2\/pages\/6497\/revisions\/13105"}],"wp:attachment":[{"href":"https:\/\/www.supergoes.com.br\/site\/wp-json\/wp\/v2\/media?parent=6497"}],"curies":[{"name":"wp","href":"https:\/\/api.w.org\/{rel}","templated":true}]}}