{"id":5769,"date":"2019-02-26T18:22:10","date_gmt":"2019-02-26T21:22:10","guid":{"rendered":"https:\/\/www.supergoes.com.br\/site\/?page_id=5769"},"modified":"2019-03-01T10:50:57","modified_gmt":"2019-03-01T13:50:57","slug":"mecanica-da-campanha","status":"publish","type":"page","link":"https:\/\/www.supergoes.com.br\/site\/mecanica-da-campanha\/","title":{"rendered":"Mec\u00e2nica da Campanha"},"content":{"rendered":"<div id=\"modal-ready\"><section  class='av_textblock_section av-2pc2fd-86444b99009c0ac7e5006a18d3ad37eb '   itemscope=\"itemscope\" itemtype=\"https:\/\/schema.org\/CreativeWork\" ><div class='avia_textblock'  itemprop=\"text\" ><div>\n<p><img loading=\"lazy\" decoding=\"async\" class=\"aligncenter wp-image-5770 size-full\" src=\"https:\/\/www.supergoes.com.br\/site\/wp-content\/uploads\/2019\/02\/APP2019_2.jpg\" alt=\"\" width=\"849\" height=\"753\" srcset=\"https:\/\/www.supergoes.com.br\/site\/wp-content\/uploads\/2019\/02\/APP2019_2.jpg 849w, https:\/\/www.supergoes.com.br\/site\/wp-content\/uploads\/2019\/02\/APP2019_2-300x266.jpg 300w, https:\/\/www.supergoes.com.br\/site\/wp-content\/uploads\/2019\/02\/APP2019_2-768x681.jpg 768w, https:\/\/www.supergoes.com.br\/site\/wp-content\/uploads\/2019\/02\/APP2019_2-705x625.jpg 705w, https:\/\/www.supergoes.com.br\/site\/wp-content\/uploads\/2019\/02\/APP2019_2-450x399.jpg 450w\" sizes=\"auto, (max-width: 849px) 100vw, 849px\" \/><\/p>\n<\/div>\n<div>\u00a0<\/div>\n<div>\u00a0<\/div>\n<blockquote>\n<div style=\"text-align: center;\"><span style=\"color: #ff0000; font-size: large;\"><b>Lojas Curitiba e S\u00e3o Jos\u00e9 do Pinhais<\/b><\/span><\/div>\n<\/blockquote>\n<div>\u00a0<\/div>\n<div>\u00a0<\/div>\n<div>O Supermercados Goes em parceria com o sal\u00e3o Marly Guabirotuba d\u00e3o de presente pra voc\u00ea,\u00a0&#8220;<strong>DIA DA BELEZA<\/strong>&#8220;<\/div>\n<div>\u00a0<\/div>\n<div>&#8211; Compras acima de 30,00 ganha um cupom para preencher e concorrer ao Dia da Beleza.<\/div>\n<div>&#8211; Inicio 01\/03\/19<\/div>\n<div>&#8211; Fim campanha 09\/03\/19<\/div>\n<div>\u00a0<\/div>\n<div>\u00a0<\/div>\n<div><strong>1- Endere\u00e7o do sal\u00e3o:<\/strong> Av. Salgado Filho 1847&#8211;Guabirotuba &#8211; Curitiba<\/div>\n<div>\u00a0<\/div>\n<div><strong>2- Servi\u00e7os inclusos:<\/strong><\/div>\n<div>-Design de sobrancelha<\/div>\n<div>-Escova<\/div>\n<div>-Pedicure<\/div>\n<div>-Manicure<\/div>\n<div>-Hidrata\u00e7\u00e3o<\/div>\n<div>Obs: &#8212; Outros procedimentos, consultar custos.<\/div>\n<div>\u00a0<\/div>\n<div><strong>3- Valido at\u00e9 30 Mar\u00e7o 2019<\/strong><\/div>\n<div><strong>4- Agendar data direto no sal\u00e3o<\/strong><\/div>\n<div><strong>5- Retirada do Voucher mediate apresenta\u00e7\u00e3o documento com foto.<\/strong><\/div>\n<div><strong>6- Sorteio dia 09 Mar\u00e7o.\u00a0<\/strong><\/div>\n<\/div><\/section>\n<\/div>","protected":false},"excerpt":{"rendered":"","protected":false},"author":1,"featured_media":5770,"parent":0,"menu_order":0,"comment_status":"closed","ping_status":"closed","template":"","meta":{"footnotes":""},"class_list":["post-5769","page","type-page","status-publish","has-post-thumbnail","hentry"],"_links":{"self":[{"href":"https:\/\/www.supergoes.com.br\/site\/wp-json\/wp\/v2\/pages\/5769","targetHints":{"allow":["GET"]}}],"collection":[{"href":"https:\/\/www.supergoes.com.br\/site\/wp-json\/wp\/v2\/pages"}],"about":[{"href":"https:\/\/www.supergoes.com.br\/site\/wp-json\/wp\/v2\/types\/page"}],"author":[{"embeddable":true,"href":"https:\/\/www.supergoes.com.br\/site\/wp-json\/wp\/v2\/users\/1"}],"replies":[{"embeddable":true,"href":"https:\/\/www.supergoes.com.br\/site\/wp-json\/wp\/v2\/comments?post=5769"}],"version-history":[{"count":1,"href":"https:\/\/www.supergoes.com.br\/site\/wp-json\/wp\/v2\/pages\/5769\/revisions"}],"predecessor-version":[{"id":10187,"href":"https:\/\/www.supergoes.com.br\/site\/wp-json\/wp\/v2\/pages\/5769\/revisions\/10187"}],"wp:featuredmedia":[{"embeddable":true,"href":"https:\/\/www.supergoes.com.br\/site\/wp-json\/wp\/v2\/media\/5770"}],"wp:attachment":[{"href":"https:\/\/www.supergoes.com.br\/site\/wp-json\/wp\/v2\/media?parent=5769"}],"curies":[{"name":"wp","href":"https:\/\/api.w.org\/{rel}","templated":true}]}}