{"id":4955,"date":"2018-10-01T16:45:33","date_gmt":"2018-10-01T19:45:33","guid":{"rendered":"https:\/\/www.supergoes.com.br\/site\/?page_id=4955"},"modified":"2018-10-01T16:49:44","modified_gmt":"2018-10-01T19:49:44","slug":"regulamento-aniversario-goes-outubro-2018","status":"publish","type":"page","link":"https:\/\/www.supergoes.com.br\/site\/regulamento-aniversario-goes-outubro-2018\/","title":{"rendered":"REGULAMENTO &#8211; Anivers\u00e1rio Goes &#8211; Outubro 2018"},"content":{"rendered":"<div id=\"modal-ready\"><p><img loading=\"lazy\" decoding=\"async\" class=\"aligncenter wp-image-4952 size-large\" src=\"https:\/\/www.supergoes.com.br\/site\/wp-content\/uploads\/2018\/10\/identidade_visual4-1030x576.jpg\" alt=\"\" width=\"1030\" height=\"576\" srcset=\"https:\/\/www.supergoes.com.br\/site\/wp-content\/uploads\/2018\/10\/identidade_visual4-1030x576.jpg 1030w, https:\/\/www.supergoes.com.br\/site\/wp-content\/uploads\/2018\/10\/identidade_visual4-300x168.jpg 300w, https:\/\/www.supergoes.com.br\/site\/wp-content\/uploads\/2018\/10\/identidade_visual4-768x429.jpg 768w, https:\/\/www.supergoes.com.br\/site\/wp-content\/uploads\/2018\/10\/identidade_visual4-705x394.jpg 705w, https:\/\/www.supergoes.com.br\/site\/wp-content\/uploads\/2018\/10\/identidade_visual4-450x252.jpg 450w, https:\/\/www.supergoes.com.br\/site\/wp-content\/uploads\/2018\/10\/identidade_visual4.jpg 1352w\" sizes=\"auto, (max-width: 1030px) 100vw, 1030px\" \/><\/p>\n<p style=\"text-align: justify;\">1. ORGANIZADORA. Este SORTEIO \u00e9 organizado pela rede de Supermercados Goes., inscrita perante o C.N.P.J.M.F. sob o n\u00ba 08.355.527\/0007-36, com sede na Rua Edson Roberto Oliveira, n\u00ba 90, Uberaba, na Cidade de Curitiba, Estado do Paran\u00e1.<\/p>\n<p style=\"text-align: justify;\">2. PRAZO, \u00c1REA DE EXECU\u00c7\u00c3O E PARTICIPA\u00c7\u00c3O. Essa promo\u00e7\u00e3o ter\u00e1 in\u00edcio em 01 de Outubro de 2018 e t\u00e9rmino em 27 de Outubro de 2018. Os resultados ser\u00e3o divulgados via M\u00eddias Sociais no dia 05\/11\/2018 e comunicado os vencedores.<\/p>\n<p style=\"text-align: justify;\">2.1 Para efeitos de participa\u00e7\u00e3o neste SORTEIO, ser\u00e1 considerado per\u00edodo de inscri\u00e7\u00e3o aquele compreendido entre os dias 01 de Outubro de 2018 a 27 de Outubro de 2018, respeitando-se o limite de hor\u00e1rio do expediente do mercado local e da realiza\u00e7\u00e3o do sorteio. Ter\u00e1 sorteio de brindes nos dias 06\/10, 13\/10 e 20\/10\/2018. No dia 27\/10\/2018 haver\u00e1 o sorteio de um VALE COMPRAS no valor de R$500,00 (quinhentos reais).<\/p>\n<p style=\"text-align: justify;\">2.2 \u00c1rea de Execu\u00e7\u00e3o: Considerar-se-\u00e1 o territ\u00f3rio nacional como a \u00e1rea de execu\u00e7\u00e3o designada para a promo\u00e7\u00e3o e divulga\u00e7\u00e3o deste SORTEIO, de modo que poder\u00e3o deste participar as pessoas f\u00edsicas, de idade igual ou maior a 18 (dezoito) anos que sejam residentes e domiciliadas no territ\u00f3rio nacional.<\/p>\n<p style=\"text-align: justify;\">2.3 Caso a participante ganhadora seja menor, esta ser\u00e1 desclassificada e escolhida a participante subsequente de acordo com a avalia\u00e7\u00e3o e julgamento da Comiss\u00e3o Julgadora.<\/p>\n<p style=\"text-align: justify;\">2.4 \u00c9 vedada a participa\u00e7\u00e3o de funcion\u00e1rios(as), colaboradores(as), s\u00f3cios\/acionistas da rede de Supermercados Goes e de suas empresas coligadas, bem como de seus respectivos parentes at\u00e9 2\u00ba grau e c\u00f4njuges e quaisquer pessoas envolvidas diretamente na execu\u00e7\u00e3o do SORTEIO.<\/p>\n<p style=\"text-align: justify;\">3 MEC\u00c2NICA DO SORTEIO. A cada compra realizada na Rede de Supermercados Goes, acima de R$ 25,00 (vinte e cinco reais) voc\u00ea recebe 01 cupom para participar do SORTEIO. O valor N\u00c3O ser\u00e1 cumulativo para a pr\u00f3xima compra. Ao preencher seus dados, o participante dever\u00e1 depositar seu cupom na urna localizada nas lojas da Rede de Supermercados Goes para concorrer a brindes todos os s\u00e1bados de outubro de 2018 e a 01 VALE COMPRAS em 27\/10\/2018 no valor de R$500,00 (quinhentos reais). O participante autoriza atrav\u00e9s deste a divulga\u00e7\u00e3o de sua imagem nas m\u00eddias da Rede de Supermercados Goes.<\/p>\n<p style=\"text-align: justify;\">3.1 Os interessados poder\u00e3o se inscrever neste SORTEIO quantas vezes desejar, mediante o preenchimento de todas as condi\u00e7\u00f5es de participa\u00e7\u00e3o estabelecidas neste Regulamento, sendo a participa\u00e7\u00e3o pessoal e intransfer\u00edvel. A ORGANIZADORA desqualificar\u00e1 aquele que se utilizar de quaisquer m\u00e9todos il\u00edcitos ou contr\u00e1rios aos previstos neste Regulamento para manipular o resultado do SORTEIO.<\/p>\n<p style=\"text-align: justify;\">3.2 As inscri\u00e7\u00f5es podem ser enviadas at\u00e9 as 15h00 (hor\u00e1rio de Bras\u00edlia) do dia 27 de Outubro de 2018. N\u00e3o ser\u00e3o aceitas inscri\u00e7\u00f5es enviadas ap\u00f3s esta data, inclusive somente ser\u00e3o aceitos cupons at\u00e9 esta data.<\/p>\n<p style=\"text-align: justify;\">3.3 SELE\u00c7\u00c3O E NOTIFICA\u00c7\u00c3O DO GANHADOR. Ser\u00e3o sorteados 09 (nove) cupons, sendo 01(uma) por loja da rede de Supermercados Goes, dentre as inscri\u00e7\u00f5es validadas, por comiss\u00e3o julgadora composta de no m\u00ednimo 03 (tr\u00eas) jurados indicados pela ORGANIZADORA.<\/p>\n<p style=\"text-align: justify;\">4 O resultado deste SORTEIO ser\u00e1 divulgado a partir das 17h (hor\u00e1rio de Bras\u00edlia), no dia 31 de Outubro de 2018 no site http:\/\/www.https:\/\/https:\/\/www.supergoes.com.br\/site\/site, bem como os ganhadores poder\u00e3o ser informadas atrav\u00e9s do e-mail e\/ou telefones cadastrados.<\/p>\n<p style=\"text-align: justify;\">5. DA PREMIA\u00c7\u00c3O E ENTREGA DOS PR\u00caMIOS. Os 09 (nove) vencedores deste SORTEIO receber\u00e3o como pr\u00eamio 01(um) VALE COMPRAS no valor de R$ 500,00 (quinhentos reais):<\/p>\n<p style=\"text-align: justify;\">6 O PRAZO DE VALIDADE PARA A RETIRADA DO PR\u00caMIO \u00c9 DE 30 DIAS AP\u00d3S A COMUNICA\u00c7\u00c3O DO MESMO AOS GANHADORES.<\/p>\n<p style=\"text-align: justify;\">6.1 EM NENHUMA HIP\u00d3TESE, OS VENCEDORES PODER\u00c3O RECEBER O VALOR DO PR\u00caMIO EM DINHEIRO, SENDO OS MESMOS PESSOAIS E INTRANSFER\u00cdVEIS.<\/p>\n<p style=\"text-align: justify;\">6.2 Os ganhadores, ao receberem o pr\u00eamio deste SORTEIO, concordam em assinar termo de recebimento e de uso de imagem, fornecendo c\u00f3pia do documento de identifica\u00e7\u00e3o (RG) e aceit\u00e1-lo sem direito a futuras reivindica\u00e7\u00f5es \u00e0 ORGANIZADORA, bem como tamb\u00e9m concordam em isentar a mesma e\/ou qualquer empresa envolvida no SORTEIO, suas companhias coligadas, subsidi\u00e1rias e afiliadas, inclusive seus respectivos funcion\u00e1rios, representantes, prestadores de servi\u00e7os e agentes ou qualquer outra pessoa ou organiza\u00e7\u00e3o envolvida diretamente ou indiretamente a este SORTEIO de toda e qualquer demanda ou a\u00e7\u00e3o legal consequente de sua participa\u00e7\u00e3o no SORTEIO ou recebimento e utiliza\u00e7\u00e3o de qualquer pr\u00eamio, com exce\u00e7\u00e3o daquelas relativas ao cumprimento, bom andamento e desfecho do SORTEIO.<\/p>\n<p style=\"text-align: justify;\">7. Em caso de fraude ou tentativa de fraude comprovada, o participante ser\u00e1 automaticamente exclu\u00eddo do SORTEIO, independentemente do envio de qualquer notifica\u00e7\u00e3o e, caso seja um dos ganhadores, o pr\u00eamio ser\u00e1 transferido para o pr\u00f3ximo participante classificado dentro das condi\u00e7\u00f5es v\u00e1lidas e previstas neste Regulamento. Para efeito dessa cl\u00e1usula, considera-se fraude a participa\u00e7\u00e3o atrav\u00e9s do cadastramento de informa\u00e7\u00f5es incorretas ou falsas, a participa\u00e7\u00e3o de funcion\u00e1rios, terceiros, parentes at\u00e9 segundo grau de funcion\u00e1rios e terceiros, promotores, agentes, afiliados ou outros que possuam rela\u00e7\u00e3o profissional direta ou indireta com a ORGANIZADORA.<\/p>\n<p style=\"text-align: justify;\">8. Ao participar deste SORTEIO, nos termos deste Regulamento, os participantes estar\u00e3o automaticamente cedendo o direito de uso de sua imagem e voz pelo prazo de 12 (doze) meses, bem como os direitos de expor, publicar, reproduzir, armazenar e\/ou de qualquer outra forma delas se utilizarem, o que os participantes fazem de modo expresso e em car\u00e1ter irrevog\u00e1vel e irretrat\u00e1vel, desde j\u00e1 e de pleno direito, em car\u00e1ter gratuito e sem qualquer remunera\u00e7\u00e3o, \u00f4nus ou encargo, podendo referidos direitos serem exercidos por meio de cartazes, filmes e\/ou spots, jingles e\/ou vinhetas, bem como em qualquer tipo de m\u00eddia e\/ou pe\u00e7as promocionais, inclusive em televis\u00e3o, r\u00e1dio, jornal, cartazes, faixas, outdoors, mala-direta e na Internet, para a ampla divulga\u00e7\u00e3o deste Regulamento e\/ou de seu desenvolvimento posterior, com exclusividade.<\/p>\n<p style=\"text-align: justify;\">9. As autoriza\u00e7\u00f5es descritas acima n\u00e3o implicam em qualquer obriga\u00e7\u00e3o de divulga\u00e7\u00e3o ou de pagamento de qualquer quantia por parte da ORGANIZADORA.<\/p>\n<p style=\"text-align: justify;\">10. Os casos omissos e\/ou eventuais controv\u00e9rsias oriundas da participa\u00e7\u00e3o neste SORTEIO ser\u00e3o submetidos \u00e0 comiss\u00e3o julgadora para avalia\u00e7\u00e3o, sendo as suas decis\u00f5es soberanas e irrecorr\u00edveis.<\/p>\n<p style=\"text-align: justify;\">11. A simples participa\u00e7\u00e3o neste SORTEIO, atrav\u00e9s do preenchimento do cupom de inscri\u00e7\u00e3o, implica no conhecimento e total aceita\u00e7\u00e3o deste Regulamento.<\/p>\n<p style=\"text-align: justify;\">12. O participante cuja conduta implicar na manipula\u00e7\u00e3o dolosa da opera\u00e7\u00e3o do SORTEIO ou que violar os termos e condi\u00e7\u00f5es impostos neste Regulamento, estar\u00e1 automaticamente desqualificado e\/ou desclassificado.<\/p>\n<p style=\"text-align: justify;\">13. Se por qualquer motivo, alheio \u00e0 vontade e controle da ORGANIZADORA, n\u00e3o for poss\u00edvel conduzir este SORTEIO conforme o planejado, poder\u00e1 a ORGANIZADORA finaliz\u00e1-lo antecipadamente, mediante aviso \u00e0s participantes. Caso o SORTEIO tenha seu t\u00e9rmino antecipado, a ORGANIZADORA dever\u00e1 avisar ao p\u00fablico e \u00e0s participantes atrav\u00e9s dos mesmos meios utilizados para sua divulga\u00e7\u00e3o, explicando as raz\u00f5es que a levaram a tal decis\u00e3o.<\/p>\n<p style=\"text-align: justify;\">14. D\u00favidas e informa\u00e7\u00f5es sobre este SORTEIO poder\u00e3o ser esclarecidas por meio do e-mail: marketing@https:\/\/https:\/\/www.supergoes.com.br\/site\/site. Este SORTEIO, assim como seu regulamento, poder\u00e1 ser alterado, a crit\u00e9rio da ORGANIZADORA, mediante aviso no website http:\/\/www.https:\/\/https:\/\/www.supergoes.com.br\/site\/site.<\/p>\n<p style=\"text-align: justify;\">15. Fica desde j\u00e1 eleito o Foro da Comarca da Capital do Estado de domic\u00edlio do participante para dirimir quaisquer quest\u00f5es oriundas deste SORTEIO.<\/p>\n<\/div>","protected":false},"excerpt":{"rendered":"<p>1. ORGANIZADORA. Este SORTEIO \u00e9 organizado pela rede de Supermercados Goes., inscrita perante o C.N.P.J.M.F. sob o n\u00ba 08.355.527\/0007-36, com sede na Rua Edson Roberto Oliveira, n\u00ba 90, Uberaba, na Cidade de Curitiba, Estado do Paran\u00e1. 2. PRAZO, \u00c1REA DE EXECU\u00c7\u00c3O E PARTICIPA\u00c7\u00c3O. Essa promo\u00e7\u00e3o ter\u00e1 in\u00edcio em 01 de Outubro de 2018 e t\u00e9rmino [&hellip;]<\/p>\n","protected":false},"author":1,"featured_media":0,"parent":0,"menu_order":0,"comment_status":"closed","ping_status":"closed","template":"","meta":{"footnotes":""},"class_list":["post-4955","page","type-page","status-publish","hentry"],"_links":{"self":[{"href":"https:\/\/www.supergoes.com.br\/site\/wp-json\/wp\/v2\/pages\/4955","targetHints":{"allow":["GET"]}}],"collection":[{"href":"https:\/\/www.supergoes.com.br\/site\/wp-json\/wp\/v2\/pages"}],"about":[{"href":"https:\/\/www.supergoes.com.br\/site\/wp-json\/wp\/v2\/types\/page"}],"author":[{"embeddable":true,"href":"https:\/\/www.supergoes.com.br\/site\/wp-json\/wp\/v2\/users\/1"}],"replies":[{"embeddable":true,"href":"https:\/\/www.supergoes.com.br\/site\/wp-json\/wp\/v2\/comments?post=4955"}],"version-history":[{"count":1,"href":"https:\/\/www.supergoes.com.br\/site\/wp-json\/wp\/v2\/pages\/4955\/revisions"}],"predecessor-version":[{"id":13134,"href":"https:\/\/www.supergoes.com.br\/site\/wp-json\/wp\/v2\/pages\/4955\/revisions\/13134"}],"wp:attachment":[{"href":"https:\/\/www.supergoes.com.br\/site\/wp-json\/wp\/v2\/media?parent=4955"}],"curies":[{"name":"wp","href":"https:\/\/api.w.org\/{rel}","templated":true}]}}