{"id":19500,"date":"2024-11-13T19:09:22","date_gmt":"2024-11-13T22:09:22","guid":{"rendered":"https:\/\/www.supergoes.com.br\/site\/?page_id=19500"},"modified":"2024-11-13T19:10:36","modified_gmt":"2024-11-13T22:10:36","slug":"campanha-bily-dog-22122024","status":"publish","type":"page","link":"https:\/\/www.supergoes.com.br\/site\/campanha-bily-dog-22122024\/","title":{"rendered":"campanha Bily Dog 22122024"},"content":{"rendered":"<div id=\"modal-ready\"><p><img loading=\"lazy\" decoding=\"async\" class=\"aligncenter wp-image-19501\" src=\"https:\/\/www.supergoes.com.br\/site\/wp-content\/uploads\/2024\/11\/WhatsApp-Image-2024-11-12-at-15.49.04-1030x1030.jpeg\" alt=\"\" width=\"493\" height=\"493\" srcset=\"https:\/\/www.supergoes.com.br\/site\/wp-content\/uploads\/2024\/11\/WhatsApp-Image-2024-11-12-at-15.49.04-1030x1030.jpeg 1030w, https:\/\/www.supergoes.com.br\/site\/wp-content\/uploads\/2024\/11\/WhatsApp-Image-2024-11-12-at-15.49.04-300x300.jpeg 300w, https:\/\/www.supergoes.com.br\/site\/wp-content\/uploads\/2024\/11\/WhatsApp-Image-2024-11-12-at-15.49.04-80x80.jpeg 80w, https:\/\/www.supergoes.com.br\/site\/wp-content\/uploads\/2024\/11\/WhatsApp-Image-2024-11-12-at-15.49.04-768x768.jpeg 768w, https:\/\/www.supergoes.com.br\/site\/wp-content\/uploads\/2024\/11\/WhatsApp-Image-2024-11-12-at-15.49.04-1536x1536.jpeg 1536w, https:\/\/www.supergoes.com.br\/site\/wp-content\/uploads\/2024\/11\/WhatsApp-Image-2024-11-12-at-15.49.04-36x36.jpeg 36w, https:\/\/www.supergoes.com.br\/site\/wp-content\/uploads\/2024\/11\/WhatsApp-Image-2024-11-12-at-15.49.04-180x180.jpeg 180w, https:\/\/www.supergoes.com.br\/site\/wp-content\/uploads\/2024\/11\/WhatsApp-Image-2024-11-12-at-15.49.04-1500x1500.jpeg 1500w, https:\/\/www.supergoes.com.br\/site\/wp-content\/uploads\/2024\/11\/WhatsApp-Image-2024-11-12-at-15.49.04-705x705.jpeg 705w, https:\/\/www.supergoes.com.br\/site\/wp-content\/uploads\/2024\/11\/WhatsApp-Image-2024-11-12-at-15.49.04.jpeg 1600w\" sizes=\"auto, (max-width: 493px) 100vw, 493px\" \/><\/p>\n<blockquote><p>Promo\u00e7\u00e3o Billy Dog<\/p><\/blockquote>\n<p><em>Na compra de 01 ra\u00e7\u00e3o Billy Dog 15kg adultos ou select mix, cliente ganha um cupom para concorrer a um: VALE COMPRAS DE R$500,00.<\/em><\/p>\n<p>A\u00e7\u00e3o do dia 11\/11\/2024 a 21\/12\/2024 &#8211; Sorteio dia 22\/12\/2024<\/p>\n<\/div>","protected":false},"excerpt":{"rendered":"<p>Promo\u00e7\u00e3o Billy Dog Na compra de 01 ra\u00e7\u00e3o Billy Dog 15kg adultos ou select mix, cliente ganha um cupom para concorrer a um: VALE COMPRAS DE R$500,00. A\u00e7\u00e3o do dia 11\/11\/2024 a 21\/12\/2024 &#8211; Sorteio dia 22\/12\/2024<\/p>\n","protected":false},"author":1,"featured_media":0,"parent":0,"menu_order":0,"comment_status":"closed","ping_status":"closed","template":"","meta":{"footnotes":""},"class_list":["post-19500","page","type-page","status-publish","hentry"],"_links":{"self":[{"href":"https:\/\/www.supergoes.com.br\/site\/wp-json\/wp\/v2\/pages\/19500","targetHints":{"allow":["GET"]}}],"collection":[{"href":"https:\/\/www.supergoes.com.br\/site\/wp-json\/wp\/v2\/pages"}],"about":[{"href":"https:\/\/www.supergoes.com.br\/site\/wp-json\/wp\/v2\/types\/page"}],"author":[{"embeddable":true,"href":"https:\/\/www.supergoes.com.br\/site\/wp-json\/wp\/v2\/users\/1"}],"replies":[{"embeddable":true,"href":"https:\/\/www.supergoes.com.br\/site\/wp-json\/wp\/v2\/comments?post=19500"}],"version-history":[{"count":2,"href":"https:\/\/www.supergoes.com.br\/site\/wp-json\/wp\/v2\/pages\/19500\/revisions"}],"predecessor-version":[{"id":19504,"href":"https:\/\/www.supergoes.com.br\/site\/wp-json\/wp\/v2\/pages\/19500\/revisions\/19504"}],"wp:attachment":[{"href":"https:\/\/www.supergoes.com.br\/site\/wp-json\/wp\/v2\/media?parent=19500"}],"curies":[{"name":"wp","href":"https:\/\/api.w.org\/{rel}","templated":true}]}}