{"id":18985,"date":"2024-10-02T11:02:39","date_gmt":"2024-10-02T14:02:39","guid":{"rendered":"https:\/\/www.supergoes.com.br\/site\/?page_id=18985"},"modified":"2024-11-11T10:15:32","modified_gmt":"2024-11-11T13:15:32","slug":"regulamento-caminhao-de-premios-super-goes-2024","status":"publish","type":"page","link":"https:\/\/www.supergoes.com.br\/site\/regulamento-caminhao-de-premios-super-goes-2024\/","title":{"rendered":"Regulamento Caminh\u00e3o de Pr\u00eamios Super Goes 2024"},"content":{"rendered":"<div id=\"modal-ready\"><p><img loading=\"lazy\" decoding=\"async\" class=\"aligncenter wp-image-18986\" src=\"https:\/\/www.supergoes.com.br\/site\/wp-content\/uploads\/2024\/10\/Captura-de-tela-2024-10-02-110141.jpg\" alt=\"\" width=\"477\" height=\"718\" srcset=\"https:\/\/www.supergoes.com.br\/site\/wp-content\/uploads\/2024\/10\/Captura-de-tela-2024-10-02-110141.jpg 416w, https:\/\/www.supergoes.com.br\/site\/wp-content\/uploads\/2024\/10\/Captura-de-tela-2024-10-02-110141-199x300.jpg 199w\" sizes=\"auto, (max-width: 477px) 100vw, 477px\" \/><\/p>\n<blockquote><p>GANHADORA: Maria Jurema dos Santos Pereira<\/p><\/blockquote>\n<div class='avia-iframe-wrap'><iframe loading=\"lazy\" title=\"caminh\u00e3o de pr\u00eamios\" width=\"1500\" height=\"844\" src=\"https:\/\/www.youtube.com\/embed\/h5NAcVyyhg8?feature=oembed\" frameborder=\"0\" allow=\"accelerometer; autoplay; clipboard-write; encrypted-media; gyroscope; picture-in-picture; web-share\" referrerpolicy=\"strict-origin-when-cross-origin\" allowfullscreen><\/iframe><\/div>\n<p><img loading=\"lazy\" decoding=\"async\" class=\"aligncenter wp-image-19428\" src=\"https:\/\/www.supergoes.com.br\/site\/wp-content\/uploads\/2024\/11\/cupom-515x1030.jpg\" alt=\"\" width=\"274\" height=\"548\" srcset=\"https:\/\/www.supergoes.com.br\/site\/wp-content\/uploads\/2024\/11\/cupom-515x1030.jpg 515w, https:\/\/www.supergoes.com.br\/site\/wp-content\/uploads\/2024\/11\/cupom-150x300.jpg 150w, https:\/\/www.supergoes.com.br\/site\/wp-content\/uploads\/2024\/11\/cupom-768x1536.jpg 768w, https:\/\/www.supergoes.com.br\/site\/wp-content\/uploads\/2024\/11\/cupom-1024x2048.jpg 1024w, https:\/\/www.supergoes.com.br\/site\/wp-content\/uploads\/2024\/11\/cupom-750x1500.jpg 750w, https:\/\/www.supergoes.com.br\/site\/wp-content\/uploads\/2024\/11\/cupom-353x705.jpg 353w, https:\/\/www.supergoes.com.br\/site\/wp-content\/uploads\/2024\/11\/cupom.jpg 1245w\" sizes=\"auto, (max-width: 274px) 100vw, 274px\" \/><\/p>\n<p style=\"text-align: justify;\"><strong>REGULAMENTO<\/strong><\/p>\n<ol style=\"text-align: justify;\">\n<li>ORGANIZADORA. Este SORTEIO \u00e9 organizado pela rede de Supermercados Goes., inscrita perante o C.N.P.J.M.F. sob o n\u00ba 08.355.527\/0007-36, com sede na Rua Edson Roberto Oliveira, n\u00ba 90, Uberaba, na Cidade de Curitiba, Estado do Paran\u00e1.<\/li>\n<\/ol>\n<p style=\"text-align: justify;\">1.1 PRAZO, \u00c1REA DE EXECU\u00c7\u00c3O E PARTICIPA\u00c7\u00c3O. Essa promo\u00e7\u00e3o ter\u00e1 in\u00edcio em 30 de Setembro de 2024 e t\u00e9rmino em 09 de Novembro de 2024. Os resultados ser\u00e3o divulgados via M\u00eddias Sociais no dia 11\/11\/2024 e comunicado os vencedores.<\/p>\n<p style=\"text-align: justify;\">2.1 Para efeitos de participa\u00e7\u00e3o neste SORTEIO, ser\u00e1 considerado per\u00edodo de inscri\u00e7\u00e3o aquele compreendido entre os dias 30 de Setembro de 2024 a 09 de Novembro de 2024. No dia 09\/11\/2023 haver\u00e1 o sorteio do caminh\u00e3o de pr\u00eamios.<\/p>\n<p style=\"text-align: justify;\">2.1.1 Para efeitos de participa\u00e7\u00e3o o CUPOM dever\u00e1 ser preenchido todos os campos na sua totalidade, invalidando o mesmo, caso algum campo esteja sem preencher.<\/p>\n<p style=\"text-align: justify;\">2.2 \u00c1rea de Execu\u00e7\u00e3o: Considerar-se-\u00e1 o territ\u00f3rio nacional como a \u00e1rea de execu\u00e7\u00e3o designada para a promo\u00e7\u00e3o e divulga\u00e7\u00e3o deste SORTEIO, de modo que poder\u00e3o deste participar as pessoas f\u00edsicas, de idade igual ou maior a 18 (dezoito) anos que sejam residentes e domiciliadas no territ\u00f3rio nacional.<\/p>\n<p style=\"text-align: justify;\">2.3 Caso a participante ganhadora seja menor, esta ser\u00e1 desclassificada e escolhida a participante subsequente de acordo com a avalia\u00e7\u00e3o e julgamento da Comiss\u00e3o Julgadora.<\/p>\n<p style=\"text-align: justify;\">2.4 \u00c9 vedada a participa\u00e7\u00e3o de funcion\u00e1rios(as), colaboradores(as), s\u00f3cios\/acionistas da rede de Supermercados Goes e de suas empresas coligadas, bem como de seus respectivos parentes at\u00e9 2\u00ba grau e c\u00f4njuges e quaisquer pessoas envolvidas diretamente na execu\u00e7\u00e3o do SORTEIO.<\/p>\n<ol style=\"text-align: justify;\" start=\"3\">\n<li>MEC\u00c2NICA DO SORTEIO. A cada compra realizada na Rede de Supermercados Goes, acima de R$ 50,00 (cinquenta reais) voc\u00ea recebe 01 cupom para participar do SORTEIO. O valor N\u00c3O ser\u00e1 cumulativo para a pr\u00f3xima compra. O participante dever\u00e1 preencher todos dos dados solicitados no cupom e o cupom n\u00e3o dever\u00e1 estar rasurado. O participante dever\u00e1 depositar seu cupom em uma urna localizada nas lojas da Rede de Supermercados Goes para concorrer a brindes que ser\u00e3o sorteados todos os s\u00e1bados de outubro de 2024 e um caminh\u00e3o de pr\u00eamios no dia 09\/11\/2024. O participante autoriza atrav\u00e9s deste a divulga\u00e7\u00e3o de sua imagem nas m\u00eddias da Rede de Supermercados Goes. Os participantes concorrer\u00e3o a pr\u00eamios toda semana e caso n\u00e3o sejam contemplados nesse per\u00edodo continuar\u00e3o concorrendo ao caminh\u00e3o de pr\u00eamios no dia 09\/11\/2024 e sendo contemplados em pr\u00eamios nas semanas anteriores, seu cupom volta para urna para o grande sorteio final que ser\u00e1 realizado na filial Alto Boqueir\u00e3o onde todos os cupons da rede ser\u00e3o agrupados. Segue abaixo lista de pr\u00eamios:<\/li>\n<\/ol>\n<p style=\"text-align: justify;\">1 &#8211; Jogo de Sof\u00e1 2 Lugares<br \/>\n1 &#8211; Jogo de Sof\u00e1 3 Lugares<br \/>\n4 &#8211; Tv 50\u201d<br \/>\n1 &#8211; Jogo de Mesa e caderia 6 Lugares<br \/>\n1 &#8211; Estante Aparador<br \/>\n1 &#8211; Painel Tv 50&#8243;<br \/>\n1 &#8211; Fog\u00e3o 4 Bocas<br \/>\n1 &#8211; Geladeira<br \/>\n1 &#8211; Microondas<br \/>\n1 &#8211; Air Fryer<br \/>\n1 &#8211; Batedeira<br \/>\n1 &#8211; liquidificador<br \/>\n1 &#8211; Jogo de Pratos 6 Pessoas<br \/>\n1 &#8211; Jogo de Panela<br \/>\n1 &#8211;\u00a0 Jogo de Copos<br \/>\n1\u00a0 &#8211; Jogo de Caf\u00e9<br \/>\n1\u00a0 &#8211; Misteira<br \/>\n1\u00a0 &#8211; Maquina de Lavar Roupas 10Kg<br \/>\n1\u00a0 &#8211; Gama Box solteiro<br \/>\n1\u00a0 &#8211; Guarda Roupa Solteiro<br \/>\n1 &#8211; Tv 32&#8243;<br \/>\n1 &#8211; Jogo de Cama e travesseiro<br \/>\n1 &#8211; Cama Box Casal<br \/>\n1 &#8211; Guarda Roupa Casal<br \/>\n1 &#8211; Tv 32&#8243;<br \/>\n1 &#8211;\u00a0 Jogo de Cama e travesseiro<br \/>\n1 &#8211; Bicicleta Aro 29<br \/>\n1 &#8211; Note Book<br \/>\n1 &#8211; Video Game<br \/>\n1 &#8211; Suporte de Parede Tv 32&#8243;<\/p>\n<p style=\"text-align: justify;\">3.1 Os interessados poder\u00e3o se inscrever neste SORTEIO quantas vezes desejar, mediante o preenchimento de todas as condi\u00e7\u00f5es de participa\u00e7\u00e3o estabelecidas neste Regulamento, sendo a participa\u00e7\u00e3o pessoal e intransfer\u00edvel. A ORGANIZADORA desqualificar\u00e1 aquele que se utilizar de quaisquer m\u00e9todos il\u00edcitos ou contr\u00e1rios aos previstos neste Regulamento para manipular o resultado do SORTEIO.<\/p>\n<p style=\"text-align: justify;\">3.2 As inscri\u00e7\u00f5es podem ser enviadas at\u00e9 as 15h00 (hor\u00e1rio de Bras\u00edlia) do dia 09 de Novembro de 2024 para as lojas Fazenda Rio Grande, Novo Mundo e Parolin e 17h:00 do dia 09\/11\/2024 para as demais lojas. N\u00e3o ser\u00e3o aceitas inscri\u00e7\u00f5es enviadas ap\u00f3s esta data, inclusive somente ser\u00e3o aceitos cupons at\u00e9 esta data.<\/p>\n<p style=\"text-align: justify;\">3.3 SELE\u00c7\u00c3O E NOTIFICA\u00c7\u00c3O DO GANHADOR. Ser\u00e3o sorteado 01 (um) cupom para o CAMINH\u00c3O DE PR\u00caMIOS, dentre as inscri\u00e7\u00f5es validadas, por comiss\u00e3o julgadora composta de no m\u00ednimo 03 (tr\u00eas) jurados indicados pela ORGANIZADORA.<\/p>\n<ol style=\"text-align: justify;\" start=\"4\">\n<li>O resultado deste SORTEIO ser\u00e1 divulgado a partir das 15h (hor\u00e1rio de Bras\u00edlia), no dia 11 de Novembro de 2024 no site https:\/\/www.supergoes.com.br\/site, bem como os ganhadores poder\u00e3o ser informadas atrav\u00e9s do e-mail e\/ou telefones cadastrados.<\/li>\n<li>DA PREMIA\u00c7\u00c3O E ENTREGA DOS PR\u00caMIOS. O sorteio com o vencedor receber\u00e1 como pr\u00eamio 01(um) UM CAMINH\u00c3O DE PR\u00caMIOS (conforme artigo 3 MEC\u00c2NICA DO SORTEIO), assim como os outros pr\u00eamios dos demais ganhadores nas semanas antecedentes.<\/li>\n<li>O PRAZO DE VALIDADE PARA A RETIRADA DO PR\u00caMIO \u00c9 DE 30 DIAS AP\u00d3S A COMUNICA\u00c7\u00c3O DO MESMO AOS GANHADORES.<\/li>\n<\/ol>\n<p style=\"text-align: justify;\">6.1 EM NENHUMA HIP\u00d3TESE, OS VENCEDORES PODER\u00c3O RECEBER O VALOR DO PR\u00caMIO EM DINHEIRO, SENDO OS MESMOS PESSOAIS E INTRANSFER\u00cdVEIS.<\/p>\n<p style=\"text-align: justify;\">6.2 Os ganhadores, ao receberem o pr\u00eamio deste SORTEIO, concordam em assinar termo de recebimento e de uso de imagem, fornecendo c\u00f3pia do documento de identifica\u00e7\u00e3o (RG) e aceit\u00e1-lo sem direito a futuras reivindica\u00e7\u00f5es \u00e0 ORGANIZADORA, bem como tamb\u00e9m concordam em isentar a mesma e\/ou qualquer empresa envolvida no SORTEIO, suas companhias coligadas, subsidi\u00e1rias e afiliadas, inclusive seus respectivos funcion\u00e1rios, representantes, prestadores de servi\u00e7os e agentes ou qualquer outra pessoa ou organiza\u00e7\u00e3o envolvida diretamente ou indiretamente a este SORTEIO de toda e qualquer demanda ou a\u00e7\u00e3o legal consequente de sua participa\u00e7\u00e3o no SORTEIO ou recebimento e utiliza\u00e7\u00e3o de qualquer pr\u00eamio, com exce\u00e7\u00e3o daquelas relativas ao cumprimento, bom andamento e desfecho do SORTEIO.<\/p>\n<ol style=\"text-align: justify;\" start=\"7\">\n<li>Em caso de fraude ou tentativa de fraude comprovada, o participante ser\u00e1 automaticamente exclu\u00eddo do SORTEIO, independentemente do envio de qualquer notifica\u00e7\u00e3o e, caso seja um dos ganhadores, o pr\u00eamio ser\u00e1 transferido para o pr\u00f3ximo participante classificado dentro das condi\u00e7\u00f5es v\u00e1lidas e previstas neste Regulamento. Para efeito dessa cl\u00e1usula, considera-se fraude a participa\u00e7\u00e3o atrav\u00e9s do cadastramento de informa\u00e7\u00f5es incorretas ou falsas, a participa\u00e7\u00e3o de funcion\u00e1rios, terceiros, parentes at\u00e9 segundo grau de funcion\u00e1rios e terceiros, promotores, agentes, afiliados ou outros que possuam rela\u00e7\u00e3o profissional direta ou indireta com a ORGANIZADORA.<\/li>\n<li>Ao participar deste SORTEIO, nos termos deste Regulamento, os participantes estar\u00e3o automaticamente cedendo o direito de uso de sua imagem e voz pelo prazo de 12 (doze) meses, bem como os direitos de expor, publicar, reproduzir, armazenar e\/ou de qualquer outra forma delas se utilizarem, o que os participantes fazem de modo expresso e em car\u00e1ter irrevog\u00e1vel e irretrat\u00e1vel, desde j\u00e1 e de pleno direito, em car\u00e1ter gratuito e sem qualquer remunera\u00e7\u00e3o, \u00f4nus ou encargo, podendo referidos direitos serem exercidos por meio de cartazes, filmes e\/ou spots, jingles e\/ou vinhetas, bem como em qualquer tipo de m\u00eddia e\/ou pe\u00e7as promocionais, inclusive em televis\u00e3o, r\u00e1dio, jornal, cartazes, faixas, outdoors, mala-direta e na Internet, para a ampla divulga\u00e7\u00e3o deste Regulamento e\/ou de seu desenvolvimento posterior, com exclusividade.<\/li>\n<li>As autoriza\u00e7\u00f5es descritas acima n\u00e3o implicam em qualquer obriga\u00e7\u00e3o de divulga\u00e7\u00e3o ou de pagamento de qualquer quantia por parte da ORGANIZADORA.<\/li>\n<li>Os casos omissos e\/ou eventuais controv\u00e9rsias oriundas da participa\u00e7\u00e3o neste SORTEIO ser\u00e3o submetidos \u00e0 comiss\u00e3o julgadora para avalia\u00e7\u00e3o, sendo as suas decis\u00f5es soberanas e irrecorr\u00edveis.<\/li>\n<li>A simples participa\u00e7\u00e3o neste SORTEIO, atrav\u00e9s do preenchimento do cupom de inscri\u00e7\u00e3o, implica no conhecimento e total aceita\u00e7\u00e3o deste Regulamento.<\/li>\n<li>O participante cuja conduta implicar na manipula\u00e7\u00e3o dolosa da opera\u00e7\u00e3o do SORTEIO ou que violar os termos e condi\u00e7\u00f5es impostos neste Regulamento, estar\u00e1 automaticamente desqualificado e\/ou desclassificado.<\/li>\n<li>Se por qualquer motivo, alheio \u00e0 vontade e controle da ORGANIZADORA, n\u00e3o for poss\u00edvel conduzir este SORTEIO conforme o planejado, poder\u00e1 a ORGANIZADORA finaliz\u00e1-lo antecipadamente, mediante aviso \u00e0s participantes. Caso o SORTEIO tenha seu t\u00e9rmino antecipado, a ORGANIZADORA dever\u00e1 avisar ao p\u00fablico e \u00e0s participantes atrav\u00e9s dos mesmos meios utilizados para sua divulga\u00e7\u00e3o, explicando as raz\u00f5es que a levaram a tal decis\u00e3o.<\/li>\n<li>D\u00favidas e informa\u00e7\u00f5es sobre este SORTEIO poder\u00e3o ser esclarecidas por meio do e-mail: marketing@supergoes.com.br. Este SORTEIO, assim como seu regulamento, poder\u00e1 ser alterado, a crit\u00e9rio da ORGANIZADORA, mediante aviso no website https:\/\/www.supergoes.com.br<\/li>\n<li>Fica desde j\u00e1 eleito o Foro da Comarca da Capital do Estado de domic\u00edlio do participante para dirimir quaisquer quest\u00f5es oriundas deste SORTEIO.<\/li>\n<\/ol>\n<p style=\"text-align: justify;\">\n<\/div>","protected":false},"excerpt":{"rendered":"<p>GANHADORA: Maria Jurema dos Santos Pereira REGULAMENTO ORGANIZADORA. Este SORTEIO \u00e9 organizado pela rede de Supermercados Goes., inscrita perante o C.N.P.J.M.F. sob o n\u00ba 08.355.527\/0007-36, com sede na Rua Edson Roberto Oliveira, n\u00ba 90, Uberaba, na Cidade de Curitiba, Estado do Paran\u00e1. 1.1 PRAZO, \u00c1REA DE EXECU\u00c7\u00c3O E PARTICIPA\u00c7\u00c3O. Essa promo\u00e7\u00e3o ter\u00e1 in\u00edcio em 30 [&hellip;]<\/p>\n","protected":false},"author":1,"featured_media":0,"parent":0,"menu_order":0,"comment_status":"closed","ping_status":"closed","template":"","meta":{"footnotes":""},"class_list":["post-18985","page","type-page","status-publish","hentry"],"_links":{"self":[{"href":"https:\/\/www.supergoes.com.br\/site\/wp-json\/wp\/v2\/pages\/18985","targetHints":{"allow":["GET"]}}],"collection":[{"href":"https:\/\/www.supergoes.com.br\/site\/wp-json\/wp\/v2\/pages"}],"about":[{"href":"https:\/\/www.supergoes.com.br\/site\/wp-json\/wp\/v2\/types\/page"}],"author":[{"embeddable":true,"href":"https:\/\/www.supergoes.com.br\/site\/wp-json\/wp\/v2\/users\/1"}],"replies":[{"embeddable":true,"href":"https:\/\/www.supergoes.com.br\/site\/wp-json\/wp\/v2\/comments?post=18985"}],"version-history":[{"count":5,"href":"https:\/\/www.supergoes.com.br\/site\/wp-json\/wp\/v2\/pages\/18985\/revisions"}],"predecessor-version":[{"id":21323,"href":"https:\/\/www.supergoes.com.br\/site\/wp-json\/wp\/v2\/pages\/18985\/revisions\/21323"}],"wp:attachment":[{"href":"https:\/\/www.supergoes.com.br\/site\/wp-json\/wp\/v2\/media?parent=18985"}],"curies":[{"name":"wp","href":"https:\/\/api.w.org\/{rel}","templated":true}]}}