{"id":18956,"date":"2024-09-25T17:53:28","date_gmt":"2024-09-25T20:53:28","guid":{"rendered":"https:\/\/www.supergoes.com.br\/site\/?page_id=18956"},"modified":"2024-11-13T18:36:27","modified_gmt":"2024-11-13T21:36:27","slug":"bauducco_091124","status":"publish","type":"page","link":"https:\/\/www.supergoes.com.br\/site\/bauducco_091124\/","title":{"rendered":"Bauducco_091124"},"content":{"rendered":"<div id=\"modal-ready\"><p><img loading=\"lazy\" decoding=\"async\" class=\"aligncenter size-full wp-image-18957\" src=\"https:\/\/www.supergoes.com.br\/site\/wp-content\/uploads\/2024\/09\/98be1f62-3441-4655-b646-200306f94824.jpg\" alt=\"\" width=\"600\" height=\"600\" srcset=\"https:\/\/www.supergoes.com.br\/site\/wp-content\/uploads\/2024\/09\/98be1f62-3441-4655-b646-200306f94824.jpg 600w, https:\/\/www.supergoes.com.br\/site\/wp-content\/uploads\/2024\/09\/98be1f62-3441-4655-b646-200306f94824-300x300.jpg 300w, https:\/\/www.supergoes.com.br\/site\/wp-content\/uploads\/2024\/09\/98be1f62-3441-4655-b646-200306f94824-80x80.jpg 80w, https:\/\/www.supergoes.com.br\/site\/wp-content\/uploads\/2024\/09\/98be1f62-3441-4655-b646-200306f94824-36x36.jpg 36w, https:\/\/www.supergoes.com.br\/site\/wp-content\/uploads\/2024\/09\/98be1f62-3441-4655-b646-200306f94824-180x180.jpg 180w\" sizes=\"auto, (max-width: 600px) 100vw, 600px\" \/><\/p>\n<blockquote><p>Participe da nossa super promo\u00e7\u00e3o e concorra a uma incr\u00edvel bicicleta infantil! Nas compras acima de 5 bolinhos Bauducco de 40g, voc\u00ea recebe 1 cupom para concorrer. N\u00e3o perca essa chance!<\/p><\/blockquote>\n<p><em>Per\u00edodo da campanha de 30\/09 a 08\/11\/2024. Resultado sorteio: 09\/11\/2024<\/em><\/p>\n<blockquote><p>Ganhadores<\/p>\n<p>Regina Celia da Silva<\/p>\n<p>Barbara Marinho<\/p>\n<p>Patr\u00edcia da Rocha Bento<\/p>\n<p>Ana L\u00facia Kovalski<\/p>\n<p>Rodrigo Lopes<\/p><\/blockquote>\n<p><img loading=\"lazy\" decoding=\"async\" class=\"wp-image-19486 alignleft\" src=\"https:\/\/www.supergoes.com.br\/site\/wp-content\/uploads\/2024\/11\/bicileta_loja8-773x1030.jpeg\" alt=\"\" width=\"294\" height=\"392\" srcset=\"https:\/\/www.supergoes.com.br\/site\/wp-content\/uploads\/2024\/11\/bicileta_loja8-773x1030.jpeg 773w, https:\/\/www.supergoes.com.br\/site\/wp-content\/uploads\/2024\/11\/bicileta_loja8-225x300.jpeg 225w, https:\/\/www.supergoes.com.br\/site\/wp-content\/uploads\/2024\/11\/bicileta_loja8-768x1024.jpeg 768w, https:\/\/www.supergoes.com.br\/site\/wp-content\/uploads\/2024\/11\/bicileta_loja8-1152x1536.jpeg 1152w, https:\/\/www.supergoes.com.br\/site\/wp-content\/uploads\/2024\/11\/bicileta_loja8-1125x1500.jpeg 1125w, https:\/\/www.supergoes.com.br\/site\/wp-content\/uploads\/2024\/11\/bicileta_loja8-529x705.jpeg 529w, https:\/\/www.supergoes.com.br\/site\/wp-content\/uploads\/2024\/11\/bicileta_loja8.jpeg 1200w\" sizes=\"auto, (max-width: 294px) 100vw, 294px\" \/><img loading=\"lazy\" decoding=\"async\" class=\"wp-image-19487 alignleft\" src=\"https:\/\/www.supergoes.com.br\/site\/wp-content\/uploads\/2024\/11\/bauduco_loja2-775x1030.jpeg\" alt=\"\" width=\"295\" height=\"392\" srcset=\"https:\/\/www.supergoes.com.br\/site\/wp-content\/uploads\/2024\/11\/bauduco_loja2-775x1030.jpeg 775w, https:\/\/www.supergoes.com.br\/site\/wp-content\/uploads\/2024\/11\/bauduco_loja2-226x300.jpeg 226w, https:\/\/www.supergoes.com.br\/site\/wp-content\/uploads\/2024\/11\/bauduco_loja2-768x1021.jpeg 768w, https:\/\/www.supergoes.com.br\/site\/wp-content\/uploads\/2024\/11\/bauduco_loja2-1156x1536.jpeg 1156w, https:\/\/www.supergoes.com.br\/site\/wp-content\/uploads\/2024\/11\/bauduco_loja2-1129x1500.jpeg 1129w, https:\/\/www.supergoes.com.br\/site\/wp-content\/uploads\/2024\/11\/bauduco_loja2-531x705.jpeg 531w, https:\/\/www.supergoes.com.br\/site\/wp-content\/uploads\/2024\/11\/bauduco_loja2.jpeg 1204w\" sizes=\"auto, (max-width: 295px) 100vw, 295px\" \/><img loading=\"lazy\" decoding=\"async\" class=\"wp-image-19488 alignleft\" src=\"https:\/\/www.supergoes.com.br\/site\/wp-content\/uploads\/2024\/11\/Rodrigo-Lopes-ganhador-da-bicicleta-infantil-da-promocao-Bauducco-579x1030.jpeg\" alt=\"\" width=\"223\" height=\"397\" srcset=\"https:\/\/www.supergoes.com.br\/site\/wp-content\/uploads\/2024\/11\/Rodrigo-Lopes-ganhador-da-bicicleta-infantil-da-promocao-Bauducco-579x1030.jpeg 579w, https:\/\/www.supergoes.com.br\/site\/wp-content\/uploads\/2024\/11\/Rodrigo-Lopes-ganhador-da-bicicleta-infantil-da-promocao-Bauducco-169x300.jpeg 169w, https:\/\/www.supergoes.com.br\/site\/wp-content\/uploads\/2024\/11\/Rodrigo-Lopes-ganhador-da-bicicleta-infantil-da-promocao-Bauducco-397x705.jpeg 397w, https:\/\/www.supergoes.com.br\/site\/wp-content\/uploads\/2024\/11\/Rodrigo-Lopes-ganhador-da-bicicleta-infantil-da-promocao-Bauducco.jpeg 720w\" sizes=\"auto, (max-width: 223px) 100vw, 223px\" \/><\/p>\n<\/div>","protected":false},"excerpt":{"rendered":"<p>Participe da nossa super promo\u00e7\u00e3o e concorra a uma incr\u00edvel bicicleta infantil! Nas compras acima de 5 bolinhos Bauducco de 40g, voc\u00ea recebe 1 cupom para concorrer. N\u00e3o perca essa chance! Per\u00edodo da campanha de 30\/09 a 08\/11\/2024. Resultado sorteio: 09\/11\/2024 Ganhadores Regina Celia da Silva Barbara Marinho Patr\u00edcia da Rocha Bento Ana L\u00facia Kovalski [&hellip;]<\/p>\n","protected":false},"author":1,"featured_media":0,"parent":0,"menu_order":0,"comment_status":"closed","ping_status":"closed","template":"","meta":{"footnotes":""},"class_list":["post-18956","page","type-page","status-publish","hentry"],"_links":{"self":[{"href":"https:\/\/www.supergoes.com.br\/site\/wp-json\/wp\/v2\/pages\/18956","targetHints":{"allow":["GET"]}}],"collection":[{"href":"https:\/\/www.supergoes.com.br\/site\/wp-json\/wp\/v2\/pages"}],"about":[{"href":"https:\/\/www.supergoes.com.br\/site\/wp-json\/wp\/v2\/types\/page"}],"author":[{"embeddable":true,"href":"https:\/\/www.supergoes.com.br\/site\/wp-json\/wp\/v2\/users\/1"}],"replies":[{"embeddable":true,"href":"https:\/\/www.supergoes.com.br\/site\/wp-json\/wp\/v2\/comments?post=18956"}],"version-history":[{"count":5,"href":"https:\/\/www.supergoes.com.br\/site\/wp-json\/wp\/v2\/pages\/18956\/revisions"}],"predecessor-version":[{"id":20007,"href":"https:\/\/www.supergoes.com.br\/site\/wp-json\/wp\/v2\/pages\/18956\/revisions\/20007"}],"wp:attachment":[{"href":"https:\/\/www.supergoes.com.br\/site\/wp-json\/wp\/v2\/media?parent=18956"}],"curies":[{"name":"wp","href":"https:\/\/api.w.org\/{rel}","templated":true}]}}