{"id":18440,"date":"2024-07-03T16:24:01","date_gmt":"2024-07-03T19:24:01","guid":{"rendered":"https:\/\/www.supergoes.com.br\/site\/?page_id=18440"},"modified":"2024-07-24T18:13:40","modified_gmt":"2024-07-24T21:13:40","slug":"instagram_julho2024","status":"publish","type":"page","link":"https:\/\/www.supergoes.com.br\/site\/instagram_julho2024\/","title":{"rendered":"Instagram_julho2024"},"content":{"rendered":"<div id=\"modal-ready\"><p><img loading=\"lazy\" decoding=\"async\" class=\"aligncenter size-large wp-image-18441\" src=\"https:\/\/www.supergoes.com.br\/site\/wp-content\/uploads\/2024\/07\/WhatsApp-Image-2024-07-02-at-17.16.52-1030x1030.jpeg\" alt=\"\" width=\"1030\" height=\"1030\" srcset=\"https:\/\/www.supergoes.com.br\/site\/wp-content\/uploads\/2024\/07\/WhatsApp-Image-2024-07-02-at-17.16.52-1030x1030.jpeg 1030w, https:\/\/www.supergoes.com.br\/site\/wp-content\/uploads\/2024\/07\/WhatsApp-Image-2024-07-02-at-17.16.52-300x300.jpeg 300w, https:\/\/www.supergoes.com.br\/site\/wp-content\/uploads\/2024\/07\/WhatsApp-Image-2024-07-02-at-17.16.52-80x80.jpeg 80w, https:\/\/www.supergoes.com.br\/site\/wp-content\/uploads\/2024\/07\/WhatsApp-Image-2024-07-02-at-17.16.52-768x768.jpeg 768w, https:\/\/www.supergoes.com.br\/site\/wp-content\/uploads\/2024\/07\/WhatsApp-Image-2024-07-02-at-17.16.52-1536x1536.jpeg 1536w, https:\/\/www.supergoes.com.br\/site\/wp-content\/uploads\/2024\/07\/WhatsApp-Image-2024-07-02-at-17.16.52-36x36.jpeg 36w, https:\/\/www.supergoes.com.br\/site\/wp-content\/uploads\/2024\/07\/WhatsApp-Image-2024-07-02-at-17.16.52-180x180.jpeg 180w, https:\/\/www.supergoes.com.br\/site\/wp-content\/uploads\/2024\/07\/WhatsApp-Image-2024-07-02-at-17.16.52-1500x1500.jpeg 1500w, https:\/\/www.supergoes.com.br\/site\/wp-content\/uploads\/2024\/07\/WhatsApp-Image-2024-07-02-at-17.16.52-705x705.jpeg 705w, https:\/\/www.supergoes.com.br\/site\/wp-content\/uploads\/2024\/07\/WhatsApp-Image-2024-07-02-at-17.16.52.jpeg 1600w\" sizes=\"auto, (max-width: 1030px) 100vw, 1030px\" \/><\/p>\n<blockquote><p>03\/07 a 13\/07<\/p><\/blockquote>\n<p><em><strong>Ganhadora da promo\u00e7\u00e3o: Andrea M. S. de Souza &#8211; loja S\u00edtio Cercado<\/strong><\/em><\/p>\n<p><img loading=\"lazy\" decoding=\"async\" class=\"aligncenter  wp-image-18558\" src=\"https:\/\/www.supergoes.com.br\/site\/wp-content\/uploads\/2024\/07\/WhatsApp-Image-2024-07-24-at-17.29.25-579x1030.jpeg\" alt=\"\" width=\"237\" height=\"422\" srcset=\"https:\/\/www.supergoes.com.br\/site\/wp-content\/uploads\/2024\/07\/WhatsApp-Image-2024-07-24-at-17.29.25-579x1030.jpeg 579w, https:\/\/www.supergoes.com.br\/site\/wp-content\/uploads\/2024\/07\/WhatsApp-Image-2024-07-24-at-17.29.25-169x300.jpeg 169w, https:\/\/www.supergoes.com.br\/site\/wp-content\/uploads\/2024\/07\/WhatsApp-Image-2024-07-24-at-17.29.25-397x705.jpeg 397w, https:\/\/www.supergoes.com.br\/site\/wp-content\/uploads\/2024\/07\/WhatsApp-Image-2024-07-24-at-17.29.25.jpeg 720w\" sizes=\"auto, (max-width: 237px) 100vw, 237px\" \/><\/p>\n<p><img loading=\"lazy\" decoding=\"async\" class=\"aligncenter  wp-image-18559\" src=\"https:\/\/www.supergoes.com.br\/site\/wp-content\/uploads\/2024\/07\/02-07_sorteio_Prancheta_1-1030x1030.png\" alt=\"\" width=\"414\" height=\"414\" srcset=\"https:\/\/www.supergoes.com.br\/site\/wp-content\/uploads\/2024\/07\/02-07_sorteio_Prancheta_1-1030x1030.png 1030w, https:\/\/www.supergoes.com.br\/site\/wp-content\/uploads\/2024\/07\/02-07_sorteio_Prancheta_1-300x300.png 300w, https:\/\/www.supergoes.com.br\/site\/wp-content\/uploads\/2024\/07\/02-07_sorteio_Prancheta_1-80x80.png 80w, https:\/\/www.supergoes.com.br\/site\/wp-content\/uploads\/2024\/07\/02-07_sorteio_Prancheta_1-768x768.png 768w, https:\/\/www.supergoes.com.br\/site\/wp-content\/uploads\/2024\/07\/02-07_sorteio_Prancheta_1-1536x1536.png 1536w, https:\/\/www.supergoes.com.br\/site\/wp-content\/uploads\/2024\/07\/02-07_sorteio_Prancheta_1-2048x2048.png 2048w, https:\/\/www.supergoes.com.br\/site\/wp-content\/uploads\/2024\/07\/02-07_sorteio_Prancheta_1-36x36.png 36w, https:\/\/www.supergoes.com.br\/site\/wp-content\/uploads\/2024\/07\/02-07_sorteio_Prancheta_1-180x180.png 180w, https:\/\/www.supergoes.com.br\/site\/wp-content\/uploads\/2024\/07\/02-07_sorteio_Prancheta_1-1500x1500.png 1500w, https:\/\/www.supergoes.com.br\/site\/wp-content\/uploads\/2024\/07\/02-07_sorteio_Prancheta_1-705x705.png 705w\" sizes=\"auto, (max-width: 414px) 100vw, 414px\" \/><\/p>\n<p>&nbsp;<\/p>\n<\/div>","protected":false},"excerpt":{"rendered":"<p>03\/07 a 13\/07 Ganhadora da promo\u00e7\u00e3o: Andrea M. S. de Souza &#8211; loja S\u00edtio Cercado &nbsp;<\/p>\n","protected":false},"author":1,"featured_media":0,"parent":0,"menu_order":0,"comment_status":"closed","ping_status":"closed","template":"","meta":{"footnotes":""},"class_list":["post-18440","page","type-page","status-publish","hentry"],"_links":{"self":[{"href":"https:\/\/www.supergoes.com.br\/site\/wp-json\/wp\/v2\/pages\/18440","targetHints":{"allow":["GET"]}}],"collection":[{"href":"https:\/\/www.supergoes.com.br\/site\/wp-json\/wp\/v2\/pages"}],"about":[{"href":"https:\/\/www.supergoes.com.br\/site\/wp-json\/wp\/v2\/types\/page"}],"author":[{"embeddable":true,"href":"https:\/\/www.supergoes.com.br\/site\/wp-json\/wp\/v2\/users\/1"}],"replies":[{"embeddable":true,"href":"https:\/\/www.supergoes.com.br\/site\/wp-json\/wp\/v2\/comments?post=18440"}],"version-history":[{"count":3,"href":"https:\/\/www.supergoes.com.br\/site\/wp-json\/wp\/v2\/pages\/18440\/revisions"}],"predecessor-version":[{"id":18557,"href":"https:\/\/www.supergoes.com.br\/site\/wp-json\/wp\/v2\/pages\/18440\/revisions\/18557"}],"wp:attachment":[{"href":"https:\/\/www.supergoes.com.br\/site\/wp-json\/wp\/v2\/media?parent=18440"}],"curies":[{"name":"wp","href":"https:\/\/api.w.org\/{rel}","templated":true}]}}