{"id":13123,"date":"2022-09-30T19:23:30","date_gmt":"2022-09-30T22:23:30","guid":{"rendered":"https:\/\/www.supergoes.com.br\/site\/?page_id=13123"},"modified":"2022-11-08T19:12:14","modified_gmt":"2022-11-08T22:12:14","slug":"regulamento-caminhao-de-premios-super-goes","status":"publish","type":"page","link":"https:\/\/www.supergoes.com.br\/site\/regulamento-caminhao-de-premios-super-goes\/","title":{"rendered":"REGULAMENTO CAMINH\u00c3O DE PR\u00caMIOS SUPER GOES"},"content":{"rendered":"<div id=\"modal-ready\"><p><img loading=\"lazy\" decoding=\"async\" class=\"aligncenter size-large wp-image-13435\" src=\"https:\/\/www.supergoes.com.br\/site\/wp-content\/uploads\/2022\/11\/WhatsApp-Image-2022-11-08-at-12.15.01-1030x1030.jpeg\" alt=\"\" width=\"1030\" height=\"1030\" srcset=\"https:\/\/www.supergoes.com.br\/site\/wp-content\/uploads\/2022\/11\/WhatsApp-Image-2022-11-08-at-12.15.01-1030x1030.jpeg 1030w, https:\/\/www.supergoes.com.br\/site\/wp-content\/uploads\/2022\/11\/WhatsApp-Image-2022-11-08-at-12.15.01-300x300.jpeg 300w, https:\/\/www.supergoes.com.br\/site\/wp-content\/uploads\/2022\/11\/WhatsApp-Image-2022-11-08-at-12.15.01-80x80.jpeg 80w, https:\/\/www.supergoes.com.br\/site\/wp-content\/uploads\/2022\/11\/WhatsApp-Image-2022-11-08-at-12.15.01-768x768.jpeg 768w, https:\/\/www.supergoes.com.br\/site\/wp-content\/uploads\/2022\/11\/WhatsApp-Image-2022-11-08-at-12.15.01-36x36.jpeg 36w, https:\/\/www.supergoes.com.br\/site\/wp-content\/uploads\/2022\/11\/WhatsApp-Image-2022-11-08-at-12.15.01-180x180.jpeg 180w, https:\/\/www.supergoes.com.br\/site\/wp-content\/uploads\/2022\/11\/WhatsApp-Image-2022-11-08-at-12.15.01-705x705.jpeg 705w, https:\/\/www.supergoes.com.br\/site\/wp-content\/uploads\/2022\/11\/WhatsApp-Image-2022-11-08-at-12.15.01.jpeg 1280w\" sizes=\"auto, (max-width: 1030px) 100vw, 1030px\" \/><\/p>\n<p><img loading=\"lazy\" decoding=\"async\" class=\"aligncenter size-large wp-image-13121\" src=\"https:\/\/www.supergoes.com.br\/site\/wp-content\/uploads\/2022\/09\/Captura-de-tela-2022-09-27-162036-1030x401.jpg\" alt=\"\" width=\"1030\" height=\"401\" srcset=\"https:\/\/www.supergoes.com.br\/site\/wp-content\/uploads\/2022\/09\/Captura-de-tela-2022-09-27-162036-1030x401.jpg 1030w, https:\/\/www.supergoes.com.br\/site\/wp-content\/uploads\/2022\/09\/Captura-de-tela-2022-09-27-162036-300x117.jpg 300w, https:\/\/www.supergoes.com.br\/site\/wp-content\/uploads\/2022\/09\/Captura-de-tela-2022-09-27-162036-768x299.jpg 768w, https:\/\/www.supergoes.com.br\/site\/wp-content\/uploads\/2022\/09\/Captura-de-tela-2022-09-27-162036-705x274.jpg 705w, https:\/\/www.supergoes.com.br\/site\/wp-content\/uploads\/2022\/09\/Captura-de-tela-2022-09-27-162036.jpg 1342w\" sizes=\"auto, (max-width: 1030px) 100vw, 1030px\" \/><\/p>\n<p>1. ORGANIZADORA. Este SORTEIO \u00e9 organizado pela rede de Supermercados Goes., inscrita perante o C.N.P.J.M.F. sob o n\u00ba 08.355.527\/0007-36, com sede na Rua Edson Roberto Oliveira, n\u00ba 90, Uberaba, na Cidade de Curitiba, Estado do Paran\u00e1.<\/p>\n<p>1.1 PRAZO, \u00c1REA DE EXECU\u00c7\u00c3O E PARTICIPA\u00c7\u00c3O. Essa promo\u00e7\u00e3o ter\u00e1 in\u00edcio em 01 de Outubro de 2022 e t\u00e9rmino em 05 de Novembro de 2022. Os resultados ser\u00e3o divulgados via M\u00eddias Sociais no dia 05\/11\/2022 e comunicado os vencedores.<\/p>\n<p style=\"text-align: justify;\">2.1 Para efeitos de participa\u00e7\u00e3o neste SORTEIO, ser\u00e1 considerado per\u00edodo de inscri\u00e7\u00e3o aquele compreendido entre os dias 01 de Outubro de 2022 a 04 de Novembro de 2022, para as loja da Fazenda, Novo Mundo e Parolin e 05\/11\/2022 as demais lojas da rede respeitando-se o limite de hor\u00e1rio do expediente do mercado local e da realiza\u00e7\u00e3o do sorteio. Ter\u00e1 sorteio de brindes nos dias 08\/10, 15\/10, 22\/10 e 29\/10\/2022. No dia 05\/11\/2022 haver\u00e1 o sorteio do caminh\u00e3o de pr\u00eamios.<\/p>\n<p style=\"text-align: justify;\">2.2 \u00c1rea de Execu\u00e7\u00e3o: Considerar-se-\u00e1 o territ\u00f3rio nacional como a \u00e1rea de execu\u00e7\u00e3o designada para a promo\u00e7\u00e3o e divulga\u00e7\u00e3o deste SORTEIO, de modo que poder\u00e3o deste participar as pessoas f\u00edsicas, de idade igual ou maior a 18 (dezoito) anos que sejam residentes e domiciliadas no territ\u00f3rio nacional.<\/p>\n<p style=\"text-align: justify;\">2.3 Caso a participante ganhadora seja menor, esta ser\u00e1 desclassificada e escolhida a participante subsequente de acordo com a avalia\u00e7\u00e3o e julgamento da Comiss\u00e3o Julgadora.<\/p>\n<p style=\"text-align: justify;\">2.4 \u00c9 vedada a participa\u00e7\u00e3o de funcion\u00e1rios(as), colaboradores(as), s\u00f3cios\/acionistas da rede de Supermercados Goes e de suas empresas coligadas, bem como de seus respectivos parentes at\u00e9 2\u00ba grau e c\u00f4njuges e quaisquer pessoas envolvidas diretamente na execu\u00e7\u00e3o do SORTEIO.<\/p>\n<p style=\"text-align: justify;\">3. MEC\u00c2NICA DO SORTEIO. A cada compra realizada na Rede de Supermercados Goes, acima de R$ 50,00 (cinquenta reais) voc\u00ea recebe 01 cupom para participar do SORTEIO. O valor N\u00c3O ser\u00e1 cumulativo para a pr\u00f3xima compra. O participante dever\u00e1 preencher todos dos dados solicitados no cupom e o cupom n\u00e3o dever\u00e1 estar rasurado. O participante dever\u00e1 depositar seu cupom em uma urna localizada nas lojas da Rede de Supermercados Goes para concorrer a brindes que ser\u00e3o sorteados todos os s\u00e1bados de outubro de 2022 e um caminh\u00e3o de pr\u00eamios no dia 05\/11\/2022. O participante autoriza atrav\u00e9s deste a divulga\u00e7\u00e3o de sua imagem nas m\u00eddias da Rede de Supermercados Goes. Os participantes concorrer\u00e3o a pr\u00eamios toda semana e caso n\u00e3o sejam contemplados nesse per\u00edodo continuar\u00e3o concorrendo ao caminh\u00e3o e pr\u00eamios no dia 05\/11\/2022. O sorteio final ser\u00e1 realizado na filial Alto Boqueir\u00e3o onde todos os cupons da rede ser\u00e3o agrupados. Segue abaixo lista de pr\u00eamios:<\/p>\n<p>&#8211; 01 FRITRADEIRA ELETRICA ELECTROLUX 3,2L 1400W PRET<br \/>\n&#8211; 01 CHURRASQUEIRA ELETRICA BRITANIA INOX 110<br \/>\n&#8211; 01 Cama Box de Casal Portobel + Colch\u00e3o de Casal Portobel Diplomata Orthopedic com Espuma D-33 65x138x188 cm &#8211; Preto<br \/>\n&#8211; 01 Cama Box de Solteiro Probel + Colch\u00e3o Guarda Costas D20<br \/>\n&#8211; 01 Estofado Requinte Equador 3&#215;2 lugares Suede Liso<br \/>\n&#8211; 01 Guarda Roupa Doripel Duplin 6 portas 4 gavetas, Crema Fum\u00ea<br \/>\n&#8211; 01 Guarda Roupa Faimec Laguna 7 portas 1 gaveta, Cenala off white<br \/>\n&#8211; 01 Conjunto Mesa Indekes Vera c\/6 Cadeiras 76\/150cm<br \/>\n&#8211; 01 Painel Notavel Nt 1165 Tv 55&#8243;<br \/>\n&#8211; 01 Micro-Ondas Philco Limpa F\u00e1cil 34L Espelhado Branco PMO34EB &#8211; 127V<br \/>\n&#8211; 01 Console Microsoft Xbox Series S, 512GB, Branco &#8211; RRS-00006<br \/>\n&#8211; 01 Grill e Sanduicheira El\u00e9trica Mondial Misteira 2 em 1 Sanduiche e Grelhados Preto com Chapas Onduladas SN-01 127V<br \/>\n&#8211; 01 Notebook Lenovo Ideapad 3i Intel Celeron 4GB 128GB + SSD 15,6\u201d Windows 11 + Microsoft 365 82BU0008BR<br \/>\n&#8211; 01 Liquidificador Mondial Turbo Power L-99 FB + Preto com Filtro 3 Velocidades 550W<br \/>\n&#8211; 01 Suporte Fixo Para Tv Tcl Aoc Cce Jvc 30 31 32 33 Polegadas + Tomate<br \/>\n&#8211; 01 Geladeira Electrolux 260 Litros Cycle Defrost Branca DC35A &#8211; 110V<br \/>\n&#8211; 01 Bicicleta Aro 29 Freio a Disco 21M. Velox Branca\/Verde &#8211; Ello Bike<br \/>\n&#8211; 01 Estante Aparador Tecno Mobili E1712 8 Prateleiras<br \/>\n&#8211; 01 TV Philips 50 Polegadas Smart 4K 50PUG7406\/78 Android<br \/>\n&#8211; 01 Smart Tv HD Roku 32 Polegadas Led PTV32G70RCH Philco<br \/>\n&#8211; 01 Fog\u00e3o 4 Bocas Atlas M\u00f4naco Plus<br \/>\n&#8211; 03 Travesseiro 50&#215;70 Soft Plus Alterburg<br \/>\n&#8211; 01 Jogo de Cama Casal 4 pe\u00e7as Micro Havan Casa<br \/>\n&#8211; 01 Jogo de Cama Solteiro 3 pe\u00e7as Micro Havan<br \/>\n&#8211; 01 Jogo de Panela California Tramontina 4 Pe\u00e7as<br \/>\n&#8211; 01 Jogo de Copos Opera Long Drink 360ml 6 pc<br \/>\n&#8211; 01 Jogo de ch\u00e1 biona New Bella 12 pe\u00e7as<br \/>\n&#8211; 01 Jogo de jantar Donna Arcos 20 pe\u00e7as<\/p>\n<p style=\"text-align: justify;\">3.1 Os interessados poder\u00e3o se inscrever neste SORTEIO quantas vezes desejar, mediante o preenchimento de todas as condi\u00e7\u00f5es de participa\u00e7\u00e3o estabelecidas neste Regulamento, sendo a participa\u00e7\u00e3o pessoal e intransfer\u00edvel. A ORGANIZADORA desqualificar\u00e1 aquele que se utilizar de quaisquer m\u00e9todos il\u00edcitos ou contr\u00e1rios aos previstos neste Regulamento para manipular o resultado do SORTEIO.<\/p>\n<p style=\"text-align: justify;\">3.2 As inscri\u00e7\u00f5es podem ser enviadas at\u00e9 as 21h00 (hor\u00e1rio de Bras\u00edlia) do dia 04 de Novembro de 2022 para as lojas Fazenda Rio Grande, Novo Mundo e Parolin e 12h:00(meio dia) do dia 05\/11\/2022 para as demais lojas. N\u00e3o ser\u00e3o aceitas inscri\u00e7\u00f5es enviadas ap\u00f3s esta data, inclusive somente ser\u00e3o aceitos cupons at\u00e9 esta data.<\/p>\n<p style=\"text-align: justify;\">3.3 SELE\u00c7\u00c3O E NOTIFICA\u00c7\u00c3O DO GANHADOR. Ser\u00e3o sorteados 01 (um) cupom., por semana na rede de Supermercados Goes e um 01 cupom para o CAMINH\u00c3O DE PR\u00caMIOS, dentre as inscri\u00e7\u00f5es validadas, por comiss\u00e3o julgadora composta de no m\u00ednimo 03 (tr\u00eas) jurados indicados pela ORGANIZADORA.<\/p>\n<p style=\"text-align: justify;\">4. O resultado deste SORTEIO ser\u00e1 divulgado a partir das 19h (hor\u00e1rio de Bras\u00edlia), no dia 05 de Novembro de 2022 no site https:\/\/www.supergoes.com.br\/site\/site, bem como os ganhadores poder\u00e3o ser informadas atrav\u00e9s do e-mail e\/ou telefones cadastrados.<\/p>\n<p style=\"text-align: justify;\">5. DA PREMIA\u00c7\u00c3O E ENTREGA DOS PR\u00caMIOS. O sorteio com o vencedor receber\u00e1 como pr\u00eamio 01(um) UM CAMINH\u00c3O DE PR\u00caMIOS (conforme artigo 3 MEC\u00c2NICA DO SORTEIO), assim como os outros pr\u00eamios dos demais ganhadores nas semanas antecedentes.<\/p>\n<p style=\"text-align: justify;\">6. O PRAZO DE VALIDADE PARA A RETIRADA DO PR\u00caMIO \u00c9 DE 30 DIAS AP\u00d3S A COMUNICA\u00c7\u00c3O DO MESMO AOS GANHADORES.<\/p>\n<p style=\"text-align: justify;\">6.1 EM NENHUMA HIP\u00d3TESE, OS VENCEDORES PODER\u00c3O RECEBER O VALOR DO PR\u00caMIO EM DINHEIRO, SENDO OS MESMOS PESSOAIS E INTRANSFER\u00cdVEIS.<\/p>\n<p style=\"text-align: justify;\">6.2 Os ganhadores, ao receberem o pr\u00eamio deste SORTEIO, concordam em assinar termo de recebimento e de uso de imagem, fornecendo c\u00f3pia do documento de identifica\u00e7\u00e3o (RG) e aceit\u00e1-lo sem direito a futuras reivindica\u00e7\u00f5es \u00e0 ORGANIZADORA, bem como tamb\u00e9m concordam em isentar a mesma e\/ou qualquer empresa envolvida no SORTEIO, suas companhias coligadas, subsidi\u00e1rias e afiliadas, inclusive seus respectivos funcion\u00e1rios, representantes, prestadores de servi\u00e7os e agentes ou qualquer outra pessoa ou organiza\u00e7\u00e3o envolvida diretamente ou indiretamente a este SORTEIO de toda e qualquer demanda ou a\u00e7\u00e3o legal consequente de sua participa\u00e7\u00e3o no SORTEIO ou recebimento e utiliza\u00e7\u00e3o de qualquer pr\u00eamio, com exce\u00e7\u00e3o daquelas relativas ao cumprimento, bom andamento e desfecho do SORTEIO.<\/p>\n<p style=\"text-align: justify;\">7. Em caso de fraude ou tentativa de fraude comprovada, o participante ser\u00e1 automaticamente exclu\u00eddo do SORTEIO, independentemente do envio de qualquer notifica\u00e7\u00e3o e, caso seja um dos ganhadores, o pr\u00eamio ser\u00e1 transferido para o pr\u00f3ximo participante classificado dentro das condi\u00e7\u00f5es v\u00e1lidas e previstas neste Regulamento. Para efeito dessa cl\u00e1usula, considera-se fraude a participa\u00e7\u00e3o atrav\u00e9s do cadastramento de informa\u00e7\u00f5es incorretas ou falsas, a participa\u00e7\u00e3o de funcion\u00e1rios, terceiros, parentes at\u00e9 segundo grau de funcion\u00e1rios e terceiros, promotores, agentes, afiliados ou outros que possuam rela\u00e7\u00e3o profissional direta ou indireta com a ORGANIZADORA.<\/p>\n<p style=\"text-align: justify;\">8. Ao participar deste SORTEIO, nos termos deste Regulamento, os participantes estar\u00e3o automaticamente cedendo o direito de uso de sua imagem e voz pelo prazo de 12 (doze) meses, bem como os direitos de expor, publicar, reproduzir, armazenar e\/ou de qualquer outra forma delas se utilizarem, o que os participantes fazem de modo expresso e em car\u00e1ter irrevog\u00e1vel e irretrat\u00e1vel, desde j\u00e1 e de pleno direito, em car\u00e1ter gratuito e sem qualquer remunera\u00e7\u00e3o, \u00f4nus ou encargo, podendo referidos direitos serem exercidos por meio de cartazes, filmes e\/ou spots, jingles e\/ou vinhetas, bem como em qualquer tipo de m\u00eddia e\/ou pe\u00e7as promocionais, inclusive em televis\u00e3o, r\u00e1dio, jornal, cartazes, faixas, outdoors, mala-direta e na Internet, para a ampla divulga\u00e7\u00e3o deste Regulamento e\/ou de seu desenvolvimento posterior, com exclusividade.<\/p>\n<p style=\"text-align: justify;\">9. As autoriza\u00e7\u00f5es descritas acima n\u00e3o implicam em qualquer obriga\u00e7\u00e3o de divulga\u00e7\u00e3o ou de pagamento de qualquer quantia por parte da ORGANIZADORA.<\/p>\n<p style=\"text-align: justify;\">10. Os casos omissos e\/ou eventuais controv\u00e9rsias oriundas da participa\u00e7\u00e3o neste SORTEIO ser\u00e3o submetidos \u00e0 comiss\u00e3o julgadora para avalia\u00e7\u00e3o, sendo as suas decis\u00f5es soberanas e irrecorr\u00edveis.<\/p>\n<p style=\"text-align: justify;\">11. A simples participa\u00e7\u00e3o neste SORTEIO, atrav\u00e9s do preenchimento do cupom de inscri\u00e7\u00e3o, implica no conhecimento e total aceita\u00e7\u00e3o deste Regulamento.<\/p>\n<p style=\"text-align: justify;\">12. O participante cuja conduta implicar na manipula\u00e7\u00e3o dolosa da opera\u00e7\u00e3o do SORTEIO ou que violar os termos e condi\u00e7\u00f5es impostos neste Regulamento, estar\u00e1 automaticamente desqualificado e\/ou desclassificado.<\/p>\n<p style=\"text-align: justify;\">13. Se por qualquer motivo, alheio \u00e0 vontade e controle da ORGANIZADORA, n\u00e3o for poss\u00edvel conduzir este SORTEIO conforme o planejado, poder\u00e1 a ORGANIZADORA finaliz\u00e1-lo antecipadamente, mediante aviso \u00e0s participantes. Caso o SORTEIO tenha seu t\u00e9rmino antecipado, a ORGANIZADORA dever\u00e1 avisar ao p\u00fablico e \u00e0s participantes atrav\u00e9s dos mesmos meios utilizados para sua divulga\u00e7\u00e3o, explicando as raz\u00f5es que a levaram a tal decis\u00e3o.<\/p>\n<p style=\"text-align: justify;\">14. D\u00favidas e informa\u00e7\u00f5es sobre este SORTEIO poder\u00e3o ser esclarecidas por meio do e-mail: marketing@supergoes.com.br. Este SORTEIO, assim como seu regulamento, poder\u00e1 ser alterado, a crit\u00e9rio da ORGANIZADORA, mediante aviso no website https:\/\/www.supergoes.com.br<\/p>\n<p style=\"text-align: justify;\">15. Fica desde j\u00e1 eleito o Foro da Comarca da Capital do Estado de domic\u00edlio do participante para dirimir quaisquer quest\u00f5es oriundas deste SORTEIO.<\/p>\n<\/div>","protected":false},"excerpt":{"rendered":"<p>1. ORGANIZADORA. Este SORTEIO \u00e9 organizado pela rede de Supermercados Goes., inscrita perante o C.N.P.J.M.F. sob o n\u00ba 08.355.527\/0007-36, com sede na Rua Edson Roberto Oliveira, n\u00ba 90, Uberaba, na Cidade de Curitiba, Estado do Paran\u00e1. 1.1 PRAZO, \u00c1REA DE EXECU\u00c7\u00c3O E PARTICIPA\u00c7\u00c3O. Essa promo\u00e7\u00e3o ter\u00e1 in\u00edcio em 01 de Outubro de 2022 e t\u00e9rmino [&hellip;]<\/p>\n","protected":false},"author":1,"featured_media":0,"parent":0,"menu_order":0,"comment_status":"closed","ping_status":"closed","template":"","meta":{"footnotes":""},"class_list":["post-13123","page","type-page","status-publish","hentry"],"_links":{"self":[{"href":"https:\/\/www.supergoes.com.br\/site\/wp-json\/wp\/v2\/pages\/13123","targetHints":{"allow":["GET"]}}],"collection":[{"href":"https:\/\/www.supergoes.com.br\/site\/wp-json\/wp\/v2\/pages"}],"about":[{"href":"https:\/\/www.supergoes.com.br\/site\/wp-json\/wp\/v2\/types\/page"}],"author":[{"embeddable":true,"href":"https:\/\/www.supergoes.com.br\/site\/wp-json\/wp\/v2\/users\/1"}],"replies":[{"embeddable":true,"href":"https:\/\/www.supergoes.com.br\/site\/wp-json\/wp\/v2\/comments?post=13123"}],"version-history":[{"count":4,"href":"https:\/\/www.supergoes.com.br\/site\/wp-json\/wp\/v2\/pages\/13123\/revisions"}],"predecessor-version":[{"id":16197,"href":"https:\/\/www.supergoes.com.br\/site\/wp-json\/wp\/v2\/pages\/13123\/revisions\/16197"}],"wp:attachment":[{"href":"https:\/\/www.supergoes.com.br\/site\/wp-json\/wp\/v2\/media?parent=13123"}],"curies":[{"name":"wp","href":"https:\/\/api.w.org\/{rel}","templated":true}]}}